{"id":2783,"date":"2024-05-23T12:23:38","date_gmt":"2024-05-23T16:23:38","guid":{"rendered":"https:\/\/krestonatcchile.com\/?page_id=2783"},"modified":"2024-05-29T15:52:52","modified_gmt":"2024-05-29T19:52:52","slug":"auditoria-interna-y-forense","status":"publish","type":"page","link":"https:\/\/krestonatcchile.com\/zh\/servicios\/auditoria-interna-y-forense\/","title":{"rendered":"Auditor\u00eda interna y Forense"},"content":{"rendered":"<div data-elementor-type=\"wp-page\" data-elementor-id=\"2783\" class=\"elementor elementor-2783\">\n\t\t\t\t\t\t<section class=\"elementor-section elementor-top-section elementor-element elementor-element-982c55f elementor-section-full_width elementor-section-height-min-height elementor-section-height-default elementor-section-items-middle e-parent\" data-id=\"982c55f\" data-element_type=\"section\" data-e-type=\"section\" data-settings=\"{&quot;background_background&quot;:&quot;classic&quot;}\">\n\t\t\t\t\t\t<div class=\"elementor-container elementor-column-gap-default\">\n\t\t\t\t\t<div class=\"elementor-column elementor-col-100 elementor-top-column elementor-element elementor-element-6bdd4a6 lakit-col-width-auto-no\" data-id=\"6bdd4a6\" data-element_type=\"column\" data-e-type=\"column\">\n\t\t\t<div class=\"elementor-widget-wrap elementor-element-populated\">\n\t\t\t\t\t\t<section class=\"elementor-section elementor-inner-section elementor-element elementor-element-cd44ee7 elementor-section-full_width elementor-section-height-min-height elementor-section-height-default\" data-id=\"cd44ee7\" data-element_type=\"section\" data-e-type=\"section\">\n\t\t\t\t\t\t<div class=\"elementor-container elementor-column-gap-default\">\n\t\t\t\t\t<div class=\"elementor-column elementor-col-50 elementor-inner-column elementor-element elementor-element-b401c42 lakit-col-width-auto-no\" data-id=\"b401c42\" data-element_type=\"column\" data-e-type=\"column\">\n\t\t\t<div class=\"elementor-widget-wrap\">\n\t\t\t\t\t\t\t<\/div>\n\t\t<\/div>\n\t\t\t\t<div class=\"elementor-column elementor-col-50 elementor-inner-column elementor-element elementor-element-0b3fe0e lakit-col-width-auto-no\" data-id=\"0b3fe0e\" data-element_type=\"column\" data-e-type=\"column\" data-settings=\"{&quot;background_background&quot;:&quot;classic&quot;}\">\n\t\t\t<div class=\"elementor-widget-wrap elementor-element-populated\">\n\t\t\t\t\t\t<div class=\"elementor-element elementor-element-208fd53 elementor-widget__width-auto elementor-widget elementor-widget-heading\" data-id=\"208fd53\" data-element_type=\"widget\" data-e-type=\"widget\" data-widget_type=\"heading.default\">\n\t\t\t\t<div class=\"elementor-widget-container\">\n\t\t\t\t\t<h1 class=\"elementor-heading-title elementor-size-default\">Auditor\u00eda interna y Forence<\/h1>\t\t\t\t<\/div>\n\t\t\t\t<\/div>\n\t\t\t\t\t<\/div>\n\t\t<\/div>\n\t\t\t\t\t<\/div>\n\t\t<\/section>\n\t\t\t\t\t<\/div>\n\t\t<\/div>\n\t\t\t\t\t<\/div>\n\t\t<\/section>\n\t\t\t\t<section class=\"elementor-section elementor-top-section elementor-element elementor-element-c6fb5e0 elementor-section-boxed elementor-section-height-default elementor-section-height-default e-parent\" data-id=\"c6fb5e0\" data-element_type=\"section\" data-e-type=\"section\">\n\t\t\t\t\t\t<div class=\"elementor-container elementor-column-gap-default\">\n\t\t\t\t\t<div class=\"elementor-column elementor-col-100 elementor-top-column elementor-element elementor-element-87447e8 lakit-col-width-auto-no\" data-id=\"87447e8\" data-element_type=\"column\" data-e-type=\"column\">\n\t\t\t<div class=\"elementor-widget-wrap elementor-element-populated\">\n\t\t\t\t\t\t<div class=\"elementor-element elementor-element-8faf9c2 elementor-widget elementor-widget-spacer\" data-id=\"8faf9c2\" data-element_type=\"widget\" data-e-type=\"widget\" data-widget_type=\"spacer.default\">\n\t\t\t\t<div class=\"elementor-widget-container\">\n\t\t\t\t\t\t\t<div class=\"elementor-spacer\">\n\t\t\t<div class=\"elementor-spacer-inner\"><\/div>\n\t\t<\/div>\n\t\t\t\t\t\t<\/div>\n\t\t\t\t<\/div>\n\t\t\t\t<div class=\"elementor-element elementor-element-7007b62 elementor-widget elementor-widget-heading\" data-id=\"7007b62\" data-element_type=\"widget\" data-e-type=\"widget\" data-widget_type=\"heading.default\">\n\t\t\t\t<div class=\"elementor-widget-container\">\n\t\t\t\t\t<h2 class=\"elementor-heading-title elementor-size-default\">Auditor\u00eda interna y Forense<\/h2>\t\t\t\t<\/div>\n\t\t\t\t<\/div>\n\t\t\t\t\t<\/div>\n\t\t<\/div>\n\t\t\t\t\t<\/div>\n\t\t<\/section>\n\t\t\t\t<section class=\"elementor-section elementor-top-section elementor-element elementor-element-fcfcb2c elementor-section-boxed elementor-section-height-default elementor-section-height-default e-parent\" data-id=\"fcfcb2c\" data-element_type=\"section\" data-e-type=\"section\">\n\t\t\t\t\t\t<div class=\"elementor-container elementor-column-gap-default\">\n\t\t\t\t\t<div class=\"elementor-column elementor-col-100 elementor-top-column elementor-element elementor-element-c505cc4 lakit-col-width-auto-no\" data-id=\"c505cc4\" data-element_type=\"column\" data-e-type=\"column\">\n\t\t\t<div class=\"elementor-widget-wrap elementor-element-populated\">\n\t\t\t\t\t\t<div class=\"elementor-element elementor-element-fdb41ff elementor-widget elementor-widget-text-editor\" data-id=\"fdb41ff\" data-element_type=\"widget\" data-e-type=\"widget\" data-widget_type=\"text-editor.default\">\n\t\t\t\t<div class=\"elementor-widget-container\">\n\t\t\t\t\t\t\t\t\t<p>Nos enfocamos en contribuir a la mejora continua de las organizaciones mediante la integraci\u00f3n de la gesti\u00f3n de riesgos.<\/p>\t\t\t\t\t\t\t\t<\/div>\n\t\t\t\t<\/div>\n\t\t\t\t\t<\/div>\n\t\t<\/div>\n\t\t\t\t\t<\/div>\n\t\t<\/section>\n\t\t\t\t<section class=\"elementor-section elementor-top-section elementor-element elementor-element-08d8f3b elementor-section-boxed elementor-section-height-default elementor-section-height-default e-parent\" data-id=\"08d8f3b\" data-element_type=\"section\" data-e-type=\"section\">\n\t\t\t\t\t\t<div class=\"elementor-container elementor-column-gap-default\">\n\t\t\t\t\t<div class=\"elementor-column elementor-col-66 elementor-top-column elementor-element elementor-element-55570da lakit-col-width-auto-no\" data-id=\"55570da\" data-element_type=\"column\" data-e-type=\"column\">\n\t\t\t<div class=\"elementor-widget-wrap elementor-element-populated\">\n\t\t\t\t\t\t<div class=\"elementor-element elementor-element-1a3a4b9 elementor-widget elementor-widget-text-editor\" data-id=\"1a3a4b9\" data-element_type=\"widget\" data-e-type=\"widget\" data-widget_type=\"text-editor.default\">\n\t\t\t\t<div class=\"elementor-widget-container\">\n\t\t\t\t\t\t\t\t\t<div class=\"elementor-element elementor-element-1e22781e elementor-widget elementor-widget-heading\" data-id=\"1e22781e\" data-element_type=\"widget\" data-widget_type=\"heading.default\"><div class=\"elementor-widget-container\"><img decoding=\"async\" class=\"alignnone size-full wp-image-427\" src=\"https:\/\/krestonatcchile.com\/wp-content\/uploads\/2023\/01\/small-teal-arrow.svg\" alt=\"\" width=\"10\" height=\"14\" \/> Outsourcing de auditor\u00eda interna 4.0<\/div><\/div><div><div class=\"elementor-element elementor-element-4784195c elementor-widget elementor-widget-text-editor\" data-id=\"4784195c\" data-element_type=\"widget\" data-widget_type=\"text-editor.default\"><div class=\"elementor-widget-container\"><p>Comunicaci\u00f3n continua con la alta administraci\u00f3n y reportes de seguimiento.<\/p><\/div><\/div><\/div>\t\t\t\t\t\t\t\t<\/div>\n\t\t\t\t<\/div>\n\t\t\t\t<div class=\"elementor-element elementor-element-247c550 elementor-widget elementor-widget-text-editor\" data-id=\"247c550\" data-element_type=\"widget\" data-e-type=\"widget\" data-widget_type=\"text-editor.default\">\n\t\t\t\t<div class=\"elementor-widget-container\">\n\t\t\t\t\t\t\t\t\t<div class=\"elementor-element elementor-element-1e22781e elementor-widget elementor-widget-heading\" data-id=\"1e22781e\" data-element_type=\"widget\" data-widget_type=\"heading.default\"><div class=\"elementor-widget-container\"><img decoding=\"async\" class=\"alignnone size-full wp-image-427\" src=\"https:\/\/krestonatcchile.com\/wp-content\/uploads\/2023\/01\/small-teal-arrow.svg\" alt=\"\" width=\"10\" height=\"14\" \/> Tercerizaci\u00f3n de la gerencia de Auditor\u00eda<\/div><\/div><div><div class=\"elementor-element elementor-element-4784195c elementor-widget elementor-widget-text-editor\" data-id=\"4784195c\" data-element_type=\"widget\" data-widget_type=\"text-editor.default\"><div class=\"elementor-widget-container\"><p>Outsourcing de la funci\u00f3n de gerencia auditor\u00eda, proveyendo valor agregado y llenando brechas en habilidades y talentos.<\/p><\/div><\/div><\/div>\t\t\t\t\t\t\t\t<\/div>\n\t\t\t\t<\/div>\n\t\t\t\t<div class=\"elementor-element elementor-element-5d295ca elementor-widget elementor-widget-text-editor\" data-id=\"5d295ca\" data-element_type=\"widget\" data-e-type=\"widget\" data-widget_type=\"text-editor.default\">\n\t\t\t\t<div class=\"elementor-widget-container\">\n\t\t\t\t\t\t\t\t\t<div class=\"elementor-element elementor-element-1e22781e elementor-widget elementor-widget-heading\" data-id=\"1e22781e\" data-element_type=\"widget\" data-widget_type=\"heading.default\">\n<div class=\"elementor-widget-container\"><img decoding=\"async\" class=\"alignnone size-full wp-image-427\" src=\"https:\/\/krestonatcchile.com\/wp-content\/uploads\/2023\/01\/small-teal-arrow.svg\" alt=\"\" width=\"10\" height=\"14\"> Cosourcing de control interno&nbsp;<\/div>\n<\/div>\n<div>\n<div class=\"elementor-element elementor-element-4784195c elementor-widget elementor-widget-text-editor\" data-id=\"4784195c\" data-element_type=\"widget\" data-widget_type=\"text-editor.default\">\n<div class=\"elementor-widget-container\">\n<p>Dise\u00f1o, efectividad y ejecuci\u00f3n de controles de procesos cr\u00edticos o proyectos de alto riesgo.<\/p>\n<\/div>\n<\/div>\n<\/div>\t\t\t\t\t\t\t\t<\/div>\n\t\t\t\t<\/div>\n\t\t\t\t<div class=\"elementor-element elementor-element-01cca86 elementor-widget elementor-widget-text-editor\" data-id=\"01cca86\" data-element_type=\"widget\" data-e-type=\"widget\" data-widget_type=\"text-editor.default\">\n\t\t\t\t<div class=\"elementor-widget-container\">\n\t\t\t\t\t\t\t\t\t<div class=\"elementor-element elementor-element-1e22781e elementor-widget elementor-widget-heading\" data-id=\"1e22781e\" data-element_type=\"widget\" data-widget_type=\"heading.default\"><div class=\"elementor-widget-container\"><img decoding=\"async\" class=\"alignnone size-full wp-image-427\" src=\"https:\/\/krestonatcchile.com\/wp-content\/uploads\/2023\/01\/small-teal-arrow.svg\" alt=\"\" width=\"10\" height=\"14\" \/> Auditor\u00eda Forense<\/div><\/div><div>Investigaci\u00f3n de eventos de fraude, focalizada en identificaci\u00f3n de causa ra\u00edz.<\/div>\t\t\t\t\t\t\t\t<\/div>\n\t\t\t\t<\/div>\n\t\t\t\t<div class=\"elementor-element elementor-element-13ebcce elementor-widget elementor-widget-text-editor\" data-id=\"13ebcce\" data-element_type=\"widget\" data-e-type=\"widget\" data-widget_type=\"text-editor.default\">\n\t\t\t\t<div class=\"elementor-widget-container\">\n\t\t\t\t\t\t\t\t\t<div class=\"elementor-element elementor-element-1e22781e elementor-widget elementor-widget-heading\" data-id=\"1e22781e\" data-element_type=\"widget\" data-widget_type=\"heading.default\"><div class=\"elementor-widget-container\"><img decoding=\"async\" class=\"alignnone size-full wp-image-427\" src=\"https:\/\/krestonatcchile.com\/wp-content\/uploads\/2023\/01\/small-teal-arrow.svg\" alt=\"\" width=\"10\" height=\"14\" \/> Auditor\u00eda de procesos\u00a0<\/div><\/div><div>Auditor\u00eda a procesos especiales con enfoque en eficiencia y efectividad de controles<\/div>\t\t\t\t\t\t\t\t<\/div>\n\t\t\t\t<\/div>\n\t\t\t\t\t<\/div>\n\t\t<\/div>\n\t\t\t\t<div class=\"elementor-column elementor-col-33 elementor-top-column elementor-element elementor-element-f0002e2 lakit-col-width-auto-no\" data-id=\"f0002e2\" data-element_type=\"column\" data-e-type=\"column\">\n\t\t\t<div class=\"elementor-widget-wrap elementor-element-populated\">\n\t\t\t\t\t\t<div class=\"elementor-element elementor-element-e5167f2 elementor-widget elementor-widget-image\" data-id=\"e5167f2\" data-element_type=\"widget\" data-e-type=\"widget\" data-widget_type=\"image.default\">\n\t\t\t\t<div class=\"elementor-widget-container\">\n\t\t\t\t\t\t\t\t\t\t\t\t\t\t\t<img fetchpriority=\"high\" decoding=\"async\" width=\"683\" height=\"1024\" src=\"https:\/\/krestonatcchile.com\/wp-content\/uploads\/2024\/05\/Scyscrapers-from-below-683x1024.jpg\" class=\"attachment-large size-large wp-image-2791\" alt=\"\" srcset=\"https:\/\/krestonatcchile.com\/wp-content\/uploads\/2024\/05\/Scyscrapers-from-below-683x1024.jpg 683w, https:\/\/krestonatcchile.com\/wp-content\/uploads\/2024\/05\/Scyscrapers-from-below-200x300.jpg 200w, https:\/\/krestonatcchile.com\/wp-content\/uploads\/2024\/05\/Scyscrapers-from-below-768x1152.jpg 768w, https:\/\/krestonatcchile.com\/wp-content\/uploads\/2024\/05\/Scyscrapers-from-below-1024x1536.jpg 1024w, https:\/\/krestonatcchile.com\/wp-content\/uploads\/2024\/05\/Scyscrapers-from-below-1365x2048.jpg 1365w, https:\/\/krestonatcchile.com\/wp-content\/uploads\/2024\/05\/Scyscrapers-from-below-8x12.jpg 8w, https:\/\/krestonatcchile.com\/wp-content\/uploads\/2024\/05\/Scyscrapers-from-below-scaled.jpg 1707w\" sizes=\"(max-width: 683px) 100vw, 683px\" \/>\t\t\t\t\t\t\t\t\t\t\t\t\t\t\t<\/div>\n\t\t\t\t<\/div>\n\t\t\t\t<section class=\"elementor-section elementor-inner-section elementor-element elementor-element-0d3d53d elementor-section-boxed elementor-section-height-default elementor-section-height-default\" data-id=\"0d3d53d\" data-element_type=\"section\" data-e-type=\"section\">\n\t\t\t\t\t\t<div class=\"elementor-container elementor-column-gap-default\">\n\t\t\t\t\t<div class=\"elementor-column elementor-col-100 elementor-inner-column elementor-element elementor-element-498916a lakit-col-width-auto-no\" data-id=\"498916a\" data-element_type=\"column\" data-e-type=\"column\">\n\t\t\t<div class=\"elementor-widget-wrap elementor-element-populated\">\n\t\t\t\t\t\t<div class=\"elementor-element elementor-element-c43e070 elementor-widget elementor-widget-heading\" data-id=\"c43e070\" data-element_type=\"widget\" data-e-type=\"widget\" data-widget_type=\"heading.default\">\n\t\t\t\t<div class=\"elementor-widget-container\">\n\t\t\t\t\t<h6 class=\"elementor-heading-title elementor-size-default\">\u5176\u4ed6\u670d\u52a1<\/h6>\t\t\t\t<\/div>\n\t\t\t\t<\/div>\n\t\t\t\t<div class=\"elementor-element elementor-element-b441f47 list-link-custom elementor-icon-list--layout-traditional elementor-list-item-link-full_width elementor-widget elementor-widget-icon-list\" data-id=\"b441f47\" data-element_type=\"widget\" data-e-type=\"widget\" data-widget_type=\"icon-list.default\">\n\t\t\t\t<div class=\"elementor-widget-container\">\n\t\t\t\t\t\t\t<ul class=\"elementor-icon-list-items\">\n\t\t\t\t\t\t\t<li class=\"elementor-icon-list-item\">\n\t\t\t\t\t\t\t\t\t\t\t<a href=\"\/zh\/auditoria-y-aseguramiento\/\">\n\n\t\t\t\t\t\t\t\t\t\t\t<span class=\"elementor-icon-list-text\">\u5ba1\u8ba1\u548c\u4fdd\u8bc1<\/span>\n\t\t\t\t\t\t\t\t\t\t\t<\/a>\n\t\t\t\t\t\t\t\t\t<\/li>\n\t\t\t\t\t\t\t\t<li class=\"elementor-icon-list-item\">\n\t\t\t\t\t\t\t\t\t\t\t<a href=\"\/zh\/impuestos\/\">\n\n\t\t\t\t\t\t\t\t\t\t\t<span class=\"elementor-icon-list-text\">\u7a0e\u6536<\/span>\n\t\t\t\t\t\t\t\t\t\t\t<\/a>\n\t\t\t\t\t\t\t\t\t<\/li>\n\t\t\t\t\t\t\t\t<li class=\"elementor-icon-list-item\">\n\t\t\t\t\t\t\t\t\t\t\t<a href=\"\/zh\/contabilidad\/\">\n\n\t\t\t\t\t\t\t\t\t\t\t<span class=\"elementor-icon-list-text\">\u4f1a\u8ba1<\/span>\n\t\t\t\t\t\t\t\t\t\t\t<\/a>\n\t\t\t\t\t\t\t\t\t<\/li>\n\t\t\t\t\t\t\t\t<li class=\"elementor-icon-list-item\">\n\t\t\t\t\t\t\t\t\t\t\t<a href=\"\/zh\/outsourcing%20\/\">\n\n\t\t\t\t\t\t\t\t\t\t\t<span class=\"elementor-icon-list-text\">\u5916\u5305 <\/span>\n\t\t\t\t\t\t\t\t\t\t\t<\/a>\n\t\t\t\t\t\t\t\t\t<\/li>\n\t\t\t\t\t\t<\/ul>\n\t\t\t\t\t\t<\/div>\n\t\t\t\t<\/div>\n\t\t\t\t\t<\/div>\n\t\t<\/div>\n\t\t\t\t\t<\/div>\n\t\t<\/section>\n\t\t\t\t\t<\/div>\n\t\t<\/div>\n\t\t\t\t\t<\/div>\n\t\t<\/section>\n\t\t\t\t<\/div>","protected":false},"excerpt":{"rendered":"<p>Auditor\u00eda interna y Forence Auditor\u00eda interna y Forense Nos enfocamos en contribuir a la mejora continua de las organizaciones mediante la integraci\u00f3n de la gesti\u00f3n de riesgos. Outsourcing de auditor\u00eda interna 4.0 Comunicaci\u00f3n continua con la alta administraci\u00f3n y reportes de seguimiento. Tercerizaci\u00f3n de la gerencia de Auditor\u00eda Outsourcing de la funci\u00f3n de gerencia auditor\u00eda, [&hellip;]<\/p>\n","protected":false},"author":1,"featured_media":0,"parent":353,"menu_order":0,"comment_status":"closed","ping_status":"closed","template":"","meta":{"om_disable_all_campaigns":false,"_monsterinsights_skip_tracking":false,"_monsterinsights_sitenote_active":false,"_monsterinsights_sitenote_note":"","_monsterinsights_sitenote_category":0,"_uf_show_specific_survey":0,"_uf_disable_surveys":false,"footnotes":""},"class_list":["post-2783","page","type-page","status-publish","hentry"],"aioseo_notices":[],"_links":{"self":[{"href":"https:\/\/krestonatcchile.com\/zh\/wp-json\/wp\/v2\/pages\/2783","targetHints":{"allow":["GET"]}}],"collection":[{"href":"https:\/\/krestonatcchile.com\/zh\/wp-json\/wp\/v2\/pages"}],"about":[{"href":"https:\/\/krestonatcchile.com\/zh\/wp-json\/wp\/v2\/types\/page"}],"author":[{"embeddable":true,"href":"https:\/\/krestonatcchile.com\/zh\/wp-json\/wp\/v2\/users\/1"}],"replies":[{"embeddable":true,"href":"https:\/\/krestonatcchile.com\/zh\/wp-json\/wp\/v2\/comments?post=2783"}],"version-history":[{"count":20,"href":"https:\/\/krestonatcchile.com\/zh\/wp-json\/wp\/v2\/pages\/2783\/revisions"}],"predecessor-version":[{"id":2815,"href":"https:\/\/krestonatcchile.com\/zh\/wp-json\/wp\/v2\/pages\/2783\/revisions\/2815"}],"up":[{"embeddable":true,"href":"https:\/\/krestonatcchile.com\/zh\/wp-json\/wp\/v2\/pages\/353"}],"wp:attachment":[{"href":"https:\/\/krestonatcchile.com\/zh\/wp-json\/wp\/v2\/media?parent=2783"}],"curies":[{"name":"wp","href":"https:\/\/api.w.org\/{rel}","templated":true}]}}