{"id":2816,"date":"2024-05-23T12:50:35","date_gmt":"2024-05-23T16:50:35","guid":{"rendered":"https:\/\/krestonatcchile.com\/?page_id=2816"},"modified":"2025-10-01T16:53:13","modified_gmt":"2025-10-01T19:53:13","slug":"organizacional-head-hunting-y-coaching","status":"publish","type":"page","link":"https:\/\/krestonatcchile.com\/pt\/servicios\/organizacional-head-hunting-y-coaching\/","title":{"rendered":"Desarrollo Organizacional, Head Hunting y Coaching"},"content":{"rendered":"<div data-elementor-type=\"wp-page\" data-elementor-id=\"2816\" class=\"elementor elementor-2816\">\n\t\t\t\t\t\t<section class=\"elementor-section elementor-top-section elementor-element elementor-element-7d629b7 elementor-section-full_width elementor-section-height-min-height elementor-section-height-default elementor-section-items-middle e-parent\" data-id=\"7d629b7\" data-element_type=\"section\" data-e-type=\"section\" data-settings=\"{&quot;background_background&quot;:&quot;classic&quot;}\">\n\t\t\t\t\t\t<div class=\"elementor-container elementor-column-gap-default\">\n\t\t\t\t\t<div class=\"elementor-column elementor-col-100 elementor-top-column elementor-element elementor-element-724186d lakit-col-width-auto-no\" data-id=\"724186d\" data-element_type=\"column\" data-e-type=\"column\">\n\t\t\t<div class=\"elementor-widget-wrap elementor-element-populated\">\n\t\t\t\t\t\t<section class=\"elementor-section elementor-inner-section elementor-element elementor-element-73b0e0f elementor-section-full_width elementor-section-height-min-height elementor-section-height-default\" data-id=\"73b0e0f\" data-element_type=\"section\" data-e-type=\"section\">\n\t\t\t\t\t\t<div class=\"elementor-container elementor-column-gap-default\">\n\t\t\t\t\t<div class=\"elementor-column elementor-col-50 elementor-inner-column elementor-element elementor-element-bae9937 lakit-col-width-auto-no\" data-id=\"bae9937\" data-element_type=\"column\" data-e-type=\"column\">\n\t\t\t<div class=\"elementor-widget-wrap\">\n\t\t\t\t\t\t\t<\/div>\n\t\t<\/div>\n\t\t\t\t<div class=\"elementor-column elementor-col-50 elementor-inner-column elementor-element elementor-element-6eede94 lakit-col-width-auto-no\" data-id=\"6eede94\" data-element_type=\"column\" data-e-type=\"column\" data-settings=\"{&quot;background_background&quot;:&quot;classic&quot;}\">\n\t\t\t<div class=\"elementor-widget-wrap elementor-element-populated\">\n\t\t\t\t\t\t<div class=\"elementor-element elementor-element-b3f7eec elementor-widget__width-auto elementor-widget elementor-widget-heading\" data-id=\"b3f7eec\" data-element_type=\"widget\" data-e-type=\"widget\" data-widget_type=\"heading.default\">\n\t\t\t\t<div class=\"elementor-widget-container\">\n\t\t\t\t\t<h1 class=\"elementor-heading-title elementor-size-default\"> Desarrollo Organizacional, Head Hunting y Coaching<\/h1>\t\t\t\t<\/div>\n\t\t\t\t<\/div>\n\t\t\t\t\t<\/div>\n\t\t<\/div>\n\t\t\t\t\t<\/div>\n\t\t<\/section>\n\t\t\t\t\t<\/div>\n\t\t<\/div>\n\t\t\t\t\t<\/div>\n\t\t<\/section>\n\t\t\t\t<section class=\"elementor-section elementor-top-section elementor-element elementor-element-e161dff elementor-section-boxed elementor-section-height-default elementor-section-height-default e-parent\" data-id=\"e161dff\" data-element_type=\"section\" data-e-type=\"section\">\n\t\t\t\t\t\t<div class=\"elementor-container elementor-column-gap-default\">\n\t\t\t\t\t<div class=\"elementor-column elementor-col-100 elementor-top-column elementor-element elementor-element-7b3ff4c lakit-col-width-auto-no\" data-id=\"7b3ff4c\" data-element_type=\"column\" data-e-type=\"column\">\n\t\t\t<div class=\"elementor-widget-wrap elementor-element-populated\">\n\t\t\t\t\t\t<div class=\"elementor-element elementor-element-7134b75 elementor-widget elementor-widget-spacer\" data-id=\"7134b75\" data-element_type=\"widget\" data-e-type=\"widget\" data-widget_type=\"spacer.default\">\n\t\t\t\t<div class=\"elementor-widget-container\">\n\t\t\t\t\t\t\t<div class=\"elementor-spacer\">\n\t\t\t<div class=\"elementor-spacer-inner\"><\/div>\n\t\t<\/div>\n\t\t\t\t\t\t<\/div>\n\t\t\t\t<\/div>\n\t\t\t\t<div class=\"elementor-element elementor-element-735f8b4 elementor-widget elementor-widget-heading\" data-id=\"735f8b4\" data-element_type=\"widget\" data-e-type=\"widget\" data-widget_type=\"heading.default\">\n\t\t\t\t<div class=\"elementor-widget-container\">\n\t\t\t\t\t<h2 class=\"elementor-heading-title elementor-size-default\"> Desarrollo Organizacional, Head Hunting y Coaching<\/h2>\t\t\t\t<\/div>\n\t\t\t\t<\/div>\n\t\t\t\t\t<\/div>\n\t\t<\/div>\n\t\t\t\t\t<\/div>\n\t\t<\/section>\n\t\t\t\t<section class=\"elementor-section elementor-top-section elementor-element elementor-element-bbc47d4 elementor-section-boxed elementor-section-height-default elementor-section-height-default e-parent\" data-id=\"bbc47d4\" data-element_type=\"section\" data-e-type=\"section\">\n\t\t\t\t\t\t<div class=\"elementor-container elementor-column-gap-default\">\n\t\t\t\t\t<div class=\"elementor-column elementor-col-100 elementor-top-column elementor-element elementor-element-21981e0 lakit-col-width-auto-no\" data-id=\"21981e0\" data-element_type=\"column\" data-e-type=\"column\">\n\t\t\t<div class=\"elementor-widget-wrap elementor-element-populated\">\n\t\t\t\t\t\t<div class=\"elementor-element elementor-element-405fee0 elementor-widget elementor-widget-text-editor\" data-id=\"405fee0\" data-element_type=\"widget\" data-e-type=\"widget\" data-widget_type=\"text-editor.default\">\n\t\t\t\t<div class=\"elementor-widget-container\">\n\t\t\t\t\t\t\t\t\t<p>Impulsamos a las organizaciones a alcanzar su m\u00e1ximo potencial mediante un enfoque que conecta la estrategia empresarial con el talento humano para lograr resultados sostenibles y de alto impacto.<\/p>\t\t\t\t\t\t\t\t<\/div>\n\t\t\t\t<\/div>\n\t\t\t\t\t<\/div>\n\t\t<\/div>\n\t\t\t\t\t<\/div>\n\t\t<\/section>\n\t\t\t\t<section class=\"elementor-section elementor-top-section elementor-element elementor-element-d7a43e0 elementor-section-boxed elementor-section-height-default elementor-section-height-default e-parent\" data-id=\"d7a43e0\" data-element_type=\"section\" data-e-type=\"section\">\n\t\t\t\t\t\t<div class=\"elementor-container elementor-column-gap-default\">\n\t\t\t\t\t<div class=\"elementor-column elementor-col-66 elementor-top-column elementor-element elementor-element-ae122db lakit-col-width-auto-no\" data-id=\"ae122db\" data-element_type=\"column\" data-e-type=\"column\">\n\t\t\t<div class=\"elementor-widget-wrap elementor-element-populated\">\n\t\t\t\t\t\t<div class=\"elementor-element elementor-element-1bd8304 elementor-widget elementor-widget-text-editor\" data-id=\"1bd8304\" data-element_type=\"widget\" data-e-type=\"widget\" data-widget_type=\"text-editor.default\">\n\t\t\t\t<div class=\"elementor-widget-container\">\n\t\t\t\t\t\t\t\t\t<h5><img decoding=\"async\" class=\"alignnone size-full wp-image-427\" src=\"https:\/\/krestonatcchile.com\/wp-content\/uploads\/2023\/01\/small-teal-arrow.svg\" alt=\"\" width=\"10\" height=\"14\" \/> Reclutamiento y selecci\u00f3n<\/h5><p>Encontramos al talento ideal para tu organizaci\u00f3n a trav\u00e9s de un proceso riguroso y personalizado que asegura la incorporaci\u00f3n de profesionales alineados con tu cultura y objetivos estrat\u00e9gicos. Desde la b\u00fasqueda especializada hasta la evaluaci\u00f3n de competencias t\u00e9cnicas y blandas, garantizamos candidatos preparados para aportar valor desde el primer d\u00eda y contribuir al crecimiento sostenible de tu empresa.<\/p>\t\t\t\t\t\t\t\t<\/div>\n\t\t\t\t<\/div>\n\t\t\t\t<div class=\"elementor-element elementor-element-c94414f elementor-widget elementor-widget-text-editor\" data-id=\"c94414f\" data-element_type=\"widget\" data-e-type=\"widget\" data-widget_type=\"text-editor.default\">\n\t\t\t\t<div class=\"elementor-widget-container\">\n\t\t\t\t\t\t\t\t\t<h5><img decoding=\"async\" class=\"alignnone size-full wp-image-427\" src=\"https:\/\/krestonatcchile.com\/wp-content\/uploads\/2023\/01\/small-teal-arrow.svg\" alt=\"\" width=\"10\" height=\"14\" \/> Head Hunting<\/h5><div class=\"elementor-element elementor-element-da9ceba elementor-widget elementor-widget-text-editor\" data-id=\"da9ceba\" data-element_type=\"widget\" data-widget_type=\"text-editor.default\"><div class=\"elementor-widget-container\"><p>Nos especializamos en la b\u00fasqueda y atracci\u00f3n de ejecutivos y perfiles estrat\u00e9gicos de alto nivel, identificando a los profesionales que mejor se ajustan a la visi\u00f3n y necesidades de tu organizaci\u00f3n. A trav\u00e9s de un proceso confidencial, preciso y orientado a resultados, conectamos a tu empresa con l\u00edderes capaces de generar impacto y asegurar ventajas competitivas sostenibles.<\/p><\/div><\/div>\t\t\t\t\t\t\t\t<\/div>\n\t\t\t\t<\/div>\n\t\t\t\t<div class=\"elementor-element elementor-element-bf96ea4 elementor-widget elementor-widget-text-editor\" data-id=\"bf96ea4\" data-element_type=\"widget\" data-e-type=\"widget\" data-widget_type=\"text-editor.default\">\n\t\t\t\t<div class=\"elementor-widget-container\">\n\t\t\t\t\t\t\t\t\t<h5><img decoding=\"async\" class=\"alignnone size-full wp-image-427\" src=\"https:\/\/krestonatcchile.com\/wp-content\/uploads\/2023\/01\/small-teal-arrow.svg\" alt=\"\" width=\"10\" height=\"14\" \/> Evaluaciones Psicolaborales<\/h5><div class=\"elementor-element elementor-element-da9ceba elementor-widget elementor-widget-text-editor\" data-id=\"da9ceba\" data-element_type=\"widget\" data-widget_type=\"text-editor.default\"><div class=\"elementor-widget-container\"><p>Con base en metodolog\u00eda STAR, aplicaci\u00f3n de pruebas psicom\u00e9tricas y t\u00e9cnicas seg\u00fan el cargo y referencia laboral.\u00a0<\/p><\/div><\/div>\t\t\t\t\t\t\t\t<\/div>\n\t\t\t\t<\/div>\n\t\t\t\t<div class=\"elementor-element elementor-element-2343017 elementor-widget elementor-widget-text-editor\" data-id=\"2343017\" data-element_type=\"widget\" data-e-type=\"widget\" data-widget_type=\"text-editor.default\">\n\t\t\t\t<div class=\"elementor-widget-container\">\n\t\t\t\t\t\t\t\t\t<h5><img decoding=\"async\" class=\"alignnone size-full wp-image-427\" src=\"https:\/\/krestonatcchile.com\/wp-content\/uploads\/2023\/01\/small-teal-arrow.svg\" alt=\"\" width=\"10\" height=\"14\" \/> Evaluaci\u00f3n de Potencial\/Movilidad Interna<\/h5><div class=\"elementor-element elementor-element-da9ceba elementor-widget elementor-widget-text-editor\" data-id=\"da9ceba\" data-element_type=\"widget\" data-widget_type=\"text-editor.default\"><div class=\"elementor-widget-container\"><p>Nos permite identificar no solo lo que una persona hace hoy, sino lo que podr\u00eda llegar a hacer en el futuro, dentro de la organizaci\u00f3n. Es relevante para detectar talento interno con proyecci\u00f3n para asumir nuevos desaf\u00edos o roles de liderazgo, tomar decisiones objetivas en procesos de sucesi\u00f3n, promociones y reorganizaciones, dise\u00f1ar planes de desarrollo individuales y programas de formaci\u00f3n alineados con el potencial real de cada colaborador, fomentar la movilidad interna, reteniendo talento valioso y reduciendo la rotaci\u00f3n.<\/p><\/div><\/div>\t\t\t\t\t\t\t\t<\/div>\n\t\t\t\t<\/div>\n\t\t\t\t<div class=\"elementor-element elementor-element-6955a18 elementor-widget elementor-widget-text-editor\" data-id=\"6955a18\" data-element_type=\"widget\" data-e-type=\"widget\" data-widget_type=\"text-editor.default\">\n\t\t\t\t<div class=\"elementor-widget-container\">\n\t\t\t\t\t\t\t\t\t<h5><img decoding=\"async\" class=\"alignnone size-full wp-image-427\" src=\"https:\/\/krestonatcchile.com\/wp-content\/uploads\/2023\/01\/small-teal-arrow.svg\" alt=\"\" width=\"10\" height=\"14\" \/> Coaching<\/h5><div class=\"elementor-element elementor-element-da9ceba elementor-widget elementor-widget-text-editor\" data-id=\"da9ceba\" data-element_type=\"widget\" data-widget_type=\"text-editor.default\"><div class=\"elementor-widget-container\"><p>Acompa\u00f1amiento desde el enfoque ontol\u00f3gico a personas y equipos para potenciar habilidades.\u00a0<\/p><\/div><\/div>\t\t\t\t\t\t\t\t<\/div>\n\t\t\t\t<\/div>\n\t\t\t\t<div class=\"elementor-element elementor-element-d6bc812 elementor-widget elementor-widget-text-editor\" data-id=\"d6bc812\" data-element_type=\"widget\" data-e-type=\"widget\" data-widget_type=\"text-editor.default\">\n\t\t\t\t<div class=\"elementor-widget-container\">\n\t\t\t\t\t\t\t\t\t<h5><img decoding=\"async\" class=\"alignnone size-full wp-image-427\" src=\"https:\/\/krestonatcchile.com\/wp-content\/uploads\/2023\/01\/small-teal-arrow.svg\" alt=\"\" width=\"10\" height=\"14\" \/> Levantamiento de Perfiles\/Descriptores de Cargo<\/h5><div class=\"elementor-element elementor-element-da9ceba elementor-widget elementor-widget-text-editor\" data-id=\"da9ceba\" data-element_type=\"widget\" data-widget_type=\"text-editor.default\"><div class=\"elementor-widget-container\"><p>Dise\u00f1amos perfiles y descriptores de cargo claros, completos y alineados a la estrategia de tu organizaci\u00f3n, asegurando una adecuada definici\u00f3n de responsabilidades, competencias y objetivos para cada posici\u00f3n. Este servicio facilita procesos de reclutamiento m\u00e1s efectivos, una correcta gesti\u00f3n del talento y la construcci\u00f3n de equipos cohesionados y orientados a resultados<\/p><\/div><\/div>\t\t\t\t\t\t\t\t<\/div>\n\t\t\t\t<\/div>\n\t\t\t\t<div class=\"elementor-element elementor-element-be5c4bf elementor-widget elementor-widget-text-editor\" data-id=\"be5c4bf\" data-element_type=\"widget\" data-e-type=\"widget\" data-widget_type=\"text-editor.default\">\n\t\t\t\t<div class=\"elementor-widget-container\">\n\t\t\t\t\t\t\t\t\t<h5><img decoding=\"async\" class=\"alignnone size-full wp-image-427\" src=\"https:\/\/krestonatcchile.com\/wp-content\/uploads\/2023\/01\/small-teal-arrow.svg\" alt=\"\" width=\"10\" height=\"14\" \/> Operacionalizaci\u00f3n de Competencias<\/h5><div class=\"elementor-element elementor-element-da9ceba elementor-widget elementor-widget-text-editor\" data-id=\"da9ceba\" data-element_type=\"widget\" data-widget_type=\"text-editor.default\"><div class=\"elementor-widget-container\"><p>Acompa\u00f1amos a las organizaciones en la definici\u00f3n, dise\u00f1o e implementaci\u00f3n de modelos de competencias alineados con su estrategia y cultura. Traducimos las competencias desde un lenguaje abstracto a comportamientos observables y medibles.<\/p><\/div><\/div>\t\t\t\t\t\t\t\t<\/div>\n\t\t\t\t<\/div>\n\t\t\t\t<div class=\"elementor-element elementor-element-d25a27d elementor-widget elementor-widget-text-editor\" data-id=\"d25a27d\" data-element_type=\"widget\" data-e-type=\"widget\" data-widget_type=\"text-editor.default\">\n\t\t\t\t<div class=\"elementor-widget-container\">\n\t\t\t\t\t\t\t\t\t<h5><img decoding=\"async\" class=\"alignnone size-full wp-image-427\" src=\"https:\/\/krestonatcchile.com\/wp-content\/uploads\/2023\/01\/small-teal-arrow.svg\" alt=\"\" width=\"10\" height=\"14\" \/> Diagn\u00f3stico Estructura Organizacional<\/h5><div class=\"elementor-element elementor-element-da9ceba elementor-widget elementor-widget-text-editor\" data-id=\"da9ceba\" data-element_type=\"widget\" data-widget_type=\"text-editor.default\"><div class=\"elementor-widget-container\"><p>Realizamos un an\u00e1lisis integral de la estructura organizacional para detectar oportunidades de mejora en eficiencia, roles, alineaci\u00f3n estrat\u00e9gica y adaptabilidad al cambio. Evaluamos:<\/p><ul style=\"font-weight: 400;\"><li>Claridad de funciones y responsabilidades<\/li><li>Niveles jer\u00e1rquicos y responsabilidades<\/li><li>Distribuci\u00f3n de equipos y solapamiento de roles<\/li><li>Ajuste entre estructura y estrategia de negocio<\/li><\/ul><\/div><\/div>\t\t\t\t\t\t\t\t<\/div>\n\t\t\t\t<\/div>\n\t\t\t\t\t<\/div>\n\t\t<\/div>\n\t\t\t\t<div class=\"elementor-column elementor-col-33 elementor-top-column elementor-element elementor-element-05d57f5 lakit-col-width-auto-no\" data-id=\"05d57f5\" data-element_type=\"column\" data-e-type=\"column\">\n\t\t\t<div class=\"elementor-widget-wrap elementor-element-populated\">\n\t\t\t\t\t\t<div class=\"elementor-element elementor-element-79c1147 elementor-widget elementor-widget-image\" data-id=\"79c1147\" data-element_type=\"widget\" data-e-type=\"widget\" data-widget_type=\"image.default\">\n\t\t\t\t<div class=\"elementor-widget-container\">\n\t\t\t\t\t\t\t\t\t\t\t\t\t\t\t<img fetchpriority=\"high\" decoding=\"async\" width=\"683\" height=\"1024\" src=\"https:\/\/krestonatcchile.com\/wp-content\/uploads\/2023\/03\/empresarios-discutiendo-resultados-trabajo-reunion-1-683x1024.jpg\" class=\"attachment-large size-large wp-image-1796\" alt=\"\" srcset=\"https:\/\/krestonatcchile.com\/wp-content\/uploads\/2023\/03\/empresarios-discutiendo-resultados-trabajo-reunion-1-683x1024.jpg 683w, https:\/\/krestonatcchile.com\/wp-content\/uploads\/2023\/03\/empresarios-discutiendo-resultados-trabajo-reunion-1-200x300.jpg 200w, https:\/\/krestonatcchile.com\/wp-content\/uploads\/2023\/03\/empresarios-discutiendo-resultados-trabajo-reunion-1-768x1152.jpg 768w, https:\/\/krestonatcchile.com\/wp-content\/uploads\/2023\/03\/empresarios-discutiendo-resultados-trabajo-reunion-1.jpg 800w\" sizes=\"(max-width: 683px) 100vw, 683px\" \/>\t\t\t\t\t\t\t\t\t\t\t\t\t\t\t<\/div>\n\t\t\t\t<\/div>\n\t\t\t\t<section class=\"elementor-section elementor-inner-section elementor-element elementor-element-9040b3c elementor-section-boxed elementor-section-height-default elementor-section-height-default\" data-id=\"9040b3c\" data-element_type=\"section\" data-e-type=\"section\">\n\t\t\t\t\t\t<div class=\"elementor-container elementor-column-gap-default\">\n\t\t\t\t\t<div class=\"elementor-column elementor-col-100 elementor-inner-column elementor-element elementor-element-eb7c11e lakit-col-width-auto-no\" data-id=\"eb7c11e\" data-element_type=\"column\" data-e-type=\"column\">\n\t\t\t<div class=\"elementor-widget-wrap elementor-element-populated\">\n\t\t\t\t\t\t<div class=\"elementor-element elementor-element-f6f5af1 elementor-widget elementor-widget-heading\" data-id=\"f6f5af1\" data-element_type=\"widget\" data-e-type=\"widget\" data-widget_type=\"heading.default\">\n\t\t\t\t<div class=\"elementor-widget-container\">\n\t\t\t\t\t<h6 class=\"elementor-heading-title elementor-size-default\">Outros Servi\u00e7os<\/h6>\t\t\t\t<\/div>\n\t\t\t\t<\/div>\n\t\t\t\t<div class=\"elementor-element elementor-element-40d29eb list-link-custom elementor-icon-list--layout-traditional elementor-list-item-link-full_width elementor-widget elementor-widget-icon-list\" data-id=\"40d29eb\" data-element_type=\"widget\" data-e-type=\"widget\" data-widget_type=\"icon-list.default\">\n\t\t\t\t<div class=\"elementor-widget-container\">\n\t\t\t\t\t\t\t<ul class=\"elementor-icon-list-items\">\n\t\t\t\t\t\t\t<li class=\"elementor-icon-list-item\">\n\t\t\t\t\t\t\t\t\t\t\t<a href=\"\/pt\/auditoria-y-aseguramiento\/\">\n\n\t\t\t\t\t\t\t\t\t\t\t<span class=\"elementor-icon-list-text\">Auditoria e Garantia<\/span>\n\t\t\t\t\t\t\t\t\t\t\t<\/a>\n\t\t\t\t\t\t\t\t\t<\/li>\n\t\t\t\t\t\t\t\t<li class=\"elementor-icon-list-item\">\n\t\t\t\t\t\t\t\t\t\t\t<a href=\"\/pt\/impuestos\/\">\n\n\t\t\t\t\t\t\t\t\t\t\t<span class=\"elementor-icon-list-text\">Impostos<\/span>\n\t\t\t\t\t\t\t\t\t\t\t<\/a>\n\t\t\t\t\t\t\t\t\t<\/li>\n\t\t\t\t\t\t\t\t<li class=\"elementor-icon-list-item\">\n\t\t\t\t\t\t\t\t\t\t\t<a href=\"\/pt\/contabilidad\/\">\n\n\t\t\t\t\t\t\t\t\t\t\t<span class=\"elementor-icon-list-text\">Contabilidade<\/span>\n\t\t\t\t\t\t\t\t\t\t\t<\/a>\n\t\t\t\t\t\t\t\t\t<\/li>\n\t\t\t\t\t\t\t\t<li class=\"elementor-icon-list-item\">\n\t\t\t\t\t\t\t\t\t\t\t<a href=\"\/pt\/outsourcing%20\/\">\n\n\t\t\t\t\t\t\t\t\t\t\t<span class=\"elementor-icon-list-text\">Outsourcing <\/span>\n\t\t\t\t\t\t\t\t\t\t\t<\/a>\n\t\t\t\t\t\t\t\t\t<\/li>\n\t\t\t\t\t\t<\/ul>\n\t\t\t\t\t\t<\/div>\n\t\t\t\t<\/div>\n\t\t\t\t\t<\/div>\n\t\t<\/div>\n\t\t\t\t\t<\/div>\n\t\t<\/section>\n\t\t\t\t\t<\/div>\n\t\t<\/div>\n\t\t\t\t\t<\/div>\n\t\t<\/section>\n\t\t\t\t<\/div>","protected":false},"excerpt":{"rendered":"<p>Desarrollo Organizacional, Head Hunting y Coaching Desarrollo Organizacional, Head Hunting y Coaching Impulsamos a las organizaciones a alcanzar su m\u00e1ximo potencial mediante un enfoque que conecta la estrategia empresarial con el talento humano para lograr resultados sostenibles y de alto impacto. Reclutamiento y selecci\u00f3n Encontramos al talento ideal para tu organizaci\u00f3n a trav\u00e9s de un [&hellip;]<\/p>\n","protected":false},"author":1,"featured_media":0,"parent":353,"menu_order":0,"comment_status":"closed","ping_status":"closed","template":"","meta":{"om_disable_all_campaigns":false,"_monsterinsights_skip_tracking":false,"_monsterinsights_sitenote_active":false,"_monsterinsights_sitenote_note":"","_monsterinsights_sitenote_category":0,"_uf_show_specific_survey":0,"_uf_disable_surveys":false,"footnotes":""},"class_list":["post-2816","page","type-page","status-publish","hentry"],"aioseo_notices":[],"_links":{"self":[{"href":"https:\/\/krestonatcchile.com\/pt\/wp-json\/wp\/v2\/pages\/2816","targetHints":{"allow":["GET"]}}],"collection":[{"href":"https:\/\/krestonatcchile.com\/pt\/wp-json\/wp\/v2\/pages"}],"about":[{"href":"https:\/\/krestonatcchile.com\/pt\/wp-json\/wp\/v2\/types\/page"}],"author":[{"embeddable":true,"href":"https:\/\/krestonatcchile.com\/pt\/wp-json\/wp\/v2\/users\/1"}],"replies":[{"embeddable":true,"href":"https:\/\/krestonatcchile.com\/pt\/wp-json\/wp\/v2\/comments?post=2816"}],"version-history":[{"count":38,"href":"https:\/\/krestonatcchile.com\/pt\/wp-json\/wp\/v2\/pages\/2816\/revisions"}],"predecessor-version":[{"id":3253,"href":"https:\/\/krestonatcchile.com\/pt\/wp-json\/wp\/v2\/pages\/2816\/revisions\/3253"}],"up":[{"embeddable":true,"href":"https:\/\/krestonatcchile.com\/pt\/wp-json\/wp\/v2\/pages\/353"}],"wp:attachment":[{"href":"https:\/\/krestonatcchile.com\/pt\/wp-json\/wp\/v2\/media?parent=2816"}],"curies":[{"name":"wp","href":"https:\/\/api.w.org\/{rel}","templated":true}]}}