{"id":467,"date":"2024-01-11T11:13:02","date_gmt":"2024-01-11T14:13:02","guid":{"rendered":"https:\/\/krestoncl.diseno.tecnoweb.net\/?page_id=467"},"modified":"2024-06-14T10:17:28","modified_gmt":"2024-06-14T14:17:28","slug":"auditoria-y-aseguramiento","status":"publish","type":"page","link":"https:\/\/krestonatcchile.com\/it\/auditoria-y-aseguramiento\/","title":{"rendered":"Di revisione e organizzazione contabile"},"content":{"rendered":"<div data-elementor-type=\"wp-page\" data-elementor-id=\"467\" class=\"elementor elementor-467\">\n\t\t\t\t\t\t<section class=\"elementor-section elementor-top-section elementor-element elementor-element-3e6d9c3 elementor-section-full_width elementor-section-height-min-height elementor-section-height-default elementor-section-items-middle e-parent\" data-id=\"3e6d9c3\" data-element_type=\"section\" data-e-type=\"section\" data-settings=\"{&quot;background_background&quot;:&quot;classic&quot;}\">\n\t\t\t\t\t\t<div class=\"elementor-container elementor-column-gap-default\">\n\t\t\t\t\t<div class=\"elementor-column elementor-col-100 elementor-top-column elementor-element elementor-element-1304ef8 lakit-col-width-auto-no\" data-id=\"1304ef8\" data-element_type=\"column\" data-e-type=\"column\">\n\t\t\t<div class=\"elementor-widget-wrap elementor-element-populated\">\n\t\t\t\t\t\t<section class=\"elementor-section elementor-inner-section elementor-element elementor-element-83c5ff5 elementor-section-full_width elementor-section-height-min-height elementor-section-height-default\" data-id=\"83c5ff5\" data-element_type=\"section\" data-e-type=\"section\">\n\t\t\t\t\t\t<div class=\"elementor-container elementor-column-gap-default\">\n\t\t\t\t\t<div class=\"elementor-column elementor-col-50 elementor-inner-column elementor-element elementor-element-a065c46 lakit-col-width-auto-no\" data-id=\"a065c46\" data-element_type=\"column\" data-e-type=\"column\">\n\t\t\t<div class=\"elementor-widget-wrap\">\n\t\t\t\t\t\t\t<\/div>\n\t\t<\/div>\n\t\t\t\t<div class=\"elementor-column elementor-col-50 elementor-inner-column elementor-element elementor-element-d78525e lakit-col-width-auto-no\" data-id=\"d78525e\" data-element_type=\"column\" data-e-type=\"column\" data-settings=\"{&quot;background_background&quot;:&quot;classic&quot;}\">\n\t\t\t<div class=\"elementor-widget-wrap elementor-element-populated\">\n\t\t\t\t\t\t<div class=\"elementor-element elementor-element-7780fe0 elementor-widget__width-auto elementor-widget elementor-widget-heading\" data-id=\"7780fe0\" data-element_type=\"widget\" data-e-type=\"widget\" data-widget_type=\"heading.default\">\n\t\t\t\t<div class=\"elementor-widget-container\">\n\t\t\t\t\t<h1 class=\"elementor-heading-title elementor-size-default\">I Nostri Servizi<\/h1>\t\t\t\t<\/div>\n\t\t\t\t<\/div>\n\t\t\t\t\t<\/div>\n\t\t<\/div>\n\t\t\t\t\t<\/div>\n\t\t<\/section>\n\t\t\t\t\t<\/div>\n\t\t<\/div>\n\t\t\t\t\t<\/div>\n\t\t<\/section>\n\t\t\t\t<section class=\"elementor-section elementor-top-section elementor-element elementor-element-8e899f0 elementor-section-boxed elementor-section-height-default elementor-section-height-default e-parent\" data-id=\"8e899f0\" data-element_type=\"section\" data-e-type=\"section\">\n\t\t\t\t\t\t<div class=\"elementor-container elementor-column-gap-default\">\n\t\t\t\t\t<div class=\"elementor-column elementor-col-50 elementor-top-column elementor-element elementor-element-791bfc6 lakit-col-width-auto-no\" data-id=\"791bfc6\" data-element_type=\"column\" data-e-type=\"column\">\n\t\t\t<div class=\"elementor-widget-wrap elementor-element-populated\">\n\t\t\t\t\t\t<div class=\"elementor-element elementor-element-0fcb91f elementor-widget elementor-widget-heading\" data-id=\"0fcb91f\" data-element_type=\"widget\" data-e-type=\"widget\" data-widget_type=\"heading.default\">\n\t\t\t\t<div class=\"elementor-widget-container\">\n\t\t\t\t\t<h2 class=\"elementor-heading-title elementor-size-default\">Di revisione e organizzazione contabile<\/h2>\t\t\t\t<\/div>\n\t\t\t\t<\/div>\n\t\t\t\t<div class=\"elementor-element elementor-element-7d9f581 elementor-widget elementor-widget-text-editor\" data-id=\"7d9f581\" data-element_type=\"widget\" data-e-type=\"widget\" data-widget_type=\"text-editor.default\">\n\t\t\t\t<div class=\"elementor-widget-container\">\n\t\t\t\t\t\t\t\t\t<p>In Kreston ATC Cile, offriamo audit e assurance services guidato dal Partner specialisti di soggetti pubblici e privati. Durante il nostro controllo, abbiamo una comprensione reale di entrambi la qualit\u00e0 e l&#039;efficacia dei loro sistemi di controllo interno e di contabilit\u00e0, e lavorare con voi per assicurare la conformit\u00e0 alle normative del tuo business.<\/p>\t\t\t\t\t\t\t\t<\/div>\n\t\t\t\t<\/div>\n\t\t\t\t<div class=\"elementor-element elementor-element-2d3668b elementor-widget elementor-widget-text-editor\" data-id=\"2d3668b\" data-element_type=\"widget\" data-e-type=\"widget\" data-widget_type=\"text-editor.default\">\n\t\t\t\t<div class=\"elementor-widget-container\">\n\t\t\t\t\t\t\t\t\t<p>Kreston ATC Cile si basa su un fondamento di controllo della qualit\u00e0, e siamo molto concentrati su alti standard di reporting e conoscenze tecniche in tutto il mondo dal nostro team, per i nostri clienti.<\/p><p>Forniamo numerosi servizi di revisione che comprendono:<\/p>\t\t\t\t\t\t\t\t<\/div>\n\t\t\t\t<\/div>\n\t\t\t\t<div class=\"elementor-element elementor-element-fb308a5 elementor-align-start elementor-icon-list--layout-traditional elementor-list-item-link-full_width elementor-widget elementor-widget-icon-list\" data-id=\"fb308a5\" data-element_type=\"widget\" data-e-type=\"widget\" data-widget_type=\"icon-list.default\">\n\t\t\t\t<div class=\"elementor-widget-container\">\n\t\t\t\t\t\t\t<ul class=\"elementor-icon-list-items\">\n\t\t\t\t\t\t\t<li class=\"elementor-icon-list-item\">\n\t\t\t\t\t\t\t\t\t\t\t<span class=\"elementor-icon-list-icon\">\n\t\t\t\t\t\t\t<svg xmlns=\"http:\/\/www.w3.org\/2000\/svg\" width=\"10\" height=\"14\" viewbox=\"0 0 10 14\"><g fill=\"none\" fill-rule=\"evenodd\"><g fill=\"#41BAC6\" fill-rule=\"nonzero\"><g><g><g><path d=\"M4.83 6.3S2.77 3.39 3.777 1.86l.84-1.275S4.962 0 5.542 0H9.1L4.83 6.3zM3.693 6.752c-.024-.032-.544-.736-.938-1.637-.264-.597-.413-1.135-.447-1.615L.13 6.572c-.02.023-.034.045-.048.072-.053.09-.082.188-.082.3 0 .108.029.211.082.297.014.027.033.049.053.076l3.793 5.346c.058.085.072.108.077.108.01.013.024.036.048.063.12.152.419.466.847.466h3.5L3.693 6.752z\" transform=\"translate(-1370 -545) translate(915 473) translate(47 54.5) matrix(-1 0 0 1 418 17.5)\"><\/path><\/g><\/g><\/g><\/g><\/g><\/svg>\t\t\t\t\t\t<\/span>\n\t\t\t\t\t\t\t\t\t\t<span class=\"elementor-icon-list-text\">Revisione contabile del bilancio di esercizio<\/span>\n\t\t\t\t\t\t\t\t\t<\/li>\n\t\t\t\t\t\t\t\t<li class=\"elementor-icon-list-item\">\n\t\t\t\t\t\t\t\t\t\t\t<span class=\"elementor-icon-list-icon\">\n\t\t\t\t\t\t\t<svg xmlns=\"http:\/\/www.w3.org\/2000\/svg\" width=\"10\" height=\"14\" viewbox=\"0 0 10 14\"><g fill=\"none\" fill-rule=\"evenodd\"><g fill=\"#41BAC6\" fill-rule=\"nonzero\"><g><g><g><path d=\"M4.83 6.3S2.77 3.39 3.777 1.86l.84-1.275S4.962 0 5.542 0H9.1L4.83 6.3zM3.693 6.752c-.024-.032-.544-.736-.938-1.637-.264-.597-.413-1.135-.447-1.615L.13 6.572c-.02.023-.034.045-.048.072-.053.09-.082.188-.082.3 0 .108.029.211.082.297.014.027.033.049.053.076l3.793 5.346c.058.085.072.108.077.108.01.013.024.036.048.063.12.152.419.466.847.466h3.5L3.693 6.752z\" transform=\"translate(-1370 -545) translate(915 473) translate(47 54.5) matrix(-1 0 0 1 418 17.5)\"><\/path><\/g><\/g><\/g><\/g><\/g><\/svg>\t\t\t\t\t\t<\/span>\n\t\t\t\t\t\t\t\t\t\t<span class=\"elementor-icon-list-text\">Audit interni<\/span>\n\t\t\t\t\t\t\t\t\t<\/li>\n\t\t\t\t\t\t\t\t<li class=\"elementor-icon-list-item\">\n\t\t\t\t\t\t\t\t\t\t\t<span class=\"elementor-icon-list-icon\">\n\t\t\t\t\t\t\t<svg xmlns=\"http:\/\/www.w3.org\/2000\/svg\" width=\"10\" height=\"14\" viewbox=\"0 0 10 14\"><g fill=\"none\" fill-rule=\"evenodd\"><g fill=\"#41BAC6\" fill-rule=\"nonzero\"><g><g><g><path d=\"M4.83 6.3S2.77 3.39 3.777 1.86l.84-1.275S4.962 0 5.542 0H9.1L4.83 6.3zM3.693 6.752c-.024-.032-.544-.736-.938-1.637-.264-.597-.413-1.135-.447-1.615L.13 6.572c-.02.023-.034.045-.048.072-.053.09-.082.188-.082.3 0 .108.029.211.082.297.014.027.033.049.053.076l3.793 5.346c.058.085.072.108.077.108.01.013.024.036.048.063.12.152.419.466.847.466h3.5L3.693 6.752z\" transform=\"translate(-1370 -545) translate(915 473) translate(47 54.5) matrix(-1 0 0 1 418 17.5)\"><\/path><\/g><\/g><\/g><\/g><\/g><\/svg>\t\t\t\t\t\t<\/span>\n\t\t\t\t\t\t\t\t\t\t<span class=\"elementor-icon-list-text\">Audit, legale e fiscale<\/span>\n\t\t\t\t\t\t\t\t\t<\/li>\n\t\t\t\t\t\t\t\t<li class=\"elementor-icon-list-item\">\n\t\t\t\t\t\t\t\t\t\t\t<span class=\"elementor-icon-list-icon\">\n\t\t\t\t\t\t\t<svg xmlns=\"http:\/\/www.w3.org\/2000\/svg\" width=\"10\" height=\"14\" viewbox=\"0 0 10 14\"><g fill=\"none\" fill-rule=\"evenodd\"><g fill=\"#41BAC6\" fill-rule=\"nonzero\"><g><g><g><path d=\"M4.83 6.3S2.77 3.39 3.777 1.86l.84-1.275S4.962 0 5.542 0H9.1L4.83 6.3zM3.693 6.752c-.024-.032-.544-.736-.938-1.637-.264-.597-.413-1.135-.447-1.615L.13 6.572c-.02.023-.034.045-.048.072-.053.09-.082.188-.082.3 0 .108.029.211.082.297.014.027.033.049.053.076l3.793 5.346c.058.085.072.108.077.108.01.013.024.036.048.063.12.152.419.466.847.466h3.5L3.693 6.752z\" transform=\"translate(-1370 -545) translate(915 473) translate(47 54.5) matrix(-1 0 0 1 418 17.5)\"><\/path><\/g><\/g><\/g><\/g><\/g><\/svg>\t\t\t\t\t\t<\/span>\n\t\t\t\t\t\t\t\t\t\t<span class=\"elementor-icon-list-text\">Audit ISA<\/span>\n\t\t\t\t\t\t\t\t\t<\/li>\n\t\t\t\t\t\t<\/ul>\n\t\t\t\t\t\t<\/div>\n\t\t\t\t<\/div>\n\t\t\t\t<div class=\"elementor-element elementor-element-75b5958 elementor-widget elementor-widget-text-editor\" data-id=\"75b5958\" data-element_type=\"widget\" data-e-type=\"widget\" data-widget_type=\"text-editor.default\">\n\t\t\t\t<div class=\"elementor-widget-container\">\n\t\t\t\t\t\t\t\t\t<p>Inoltre, una variet\u00e0 di altri servizi di assicurazione pu\u00f2 essere su misura per le vostre esigenze. Questi includono:<\/p>\t\t\t\t\t\t\t\t<\/div>\n\t\t\t\t<\/div>\n\t\t\t\t<div class=\"elementor-element elementor-element-8f5615d elementor-align-start elementor-icon-list--layout-traditional elementor-list-item-link-full_width elementor-widget elementor-widget-icon-list\" data-id=\"8f5615d\" data-element_type=\"widget\" data-e-type=\"widget\" data-widget_type=\"icon-list.default\">\n\t\t\t\t<div class=\"elementor-widget-container\">\n\t\t\t\t\t\t\t<ul class=\"elementor-icon-list-items\">\n\t\t\t\t\t\t\t<li class=\"elementor-icon-list-item\">\n\t\t\t\t\t\t\t\t\t\t\t<span class=\"elementor-icon-list-icon\">\n\t\t\t\t\t\t\t<svg xmlns=\"http:\/\/www.w3.org\/2000\/svg\" width=\"10\" height=\"14\" viewbox=\"0 0 10 14\"><g fill=\"none\" fill-rule=\"evenodd\"><g fill=\"#41BAC6\" fill-rule=\"nonzero\"><g><g><g><path d=\"M4.83 6.3S2.77 3.39 3.777 1.86l.84-1.275S4.962 0 5.542 0H9.1L4.83 6.3zM3.693 6.752c-.024-.032-.544-.736-.938-1.637-.264-.597-.413-1.135-.447-1.615L.13 6.572c-.02.023-.034.045-.048.072-.053.09-.082.188-.082.3 0 .108.029.211.082.297.014.027.033.049.053.076l3.793 5.346c.058.085.072.108.077.108.01.013.024.036.048.063.12.152.419.466.847.466h3.5L3.693 6.752z\" transform=\"translate(-1370 -545) translate(915 473) translate(47 54.5) matrix(-1 0 0 1 418 17.5)\"><\/path><\/g><\/g><\/g><\/g><\/g><\/svg>\t\t\t\t\t\t<\/span>\n\t\t\t\t\t\t\t\t\t\t<span class=\"elementor-icon-list-text\">Compilation<\/span>\n\t\t\t\t\t\t\t\t\t<\/li>\n\t\t\t\t\t\t\t\t<li class=\"elementor-icon-list-item\">\n\t\t\t\t\t\t\t\t\t\t\t<span class=\"elementor-icon-list-icon\">\n\t\t\t\t\t\t\t<svg xmlns=\"http:\/\/www.w3.org\/2000\/svg\" width=\"10\" height=\"14\" viewbox=\"0 0 10 14\"><g fill=\"none\" fill-rule=\"evenodd\"><g fill=\"#41BAC6\" fill-rule=\"nonzero\"><g><g><g><path d=\"M4.83 6.3S2.77 3.39 3.777 1.86l.84-1.275S4.962 0 5.542 0H9.1L4.83 6.3zM3.693 6.752c-.024-.032-.544-.736-.938-1.637-.264-.597-.413-1.135-.447-1.615L.13 6.572c-.02.023-.034.045-.048.072-.053.09-.082.188-.082.3 0 .108.029.211.082.297.014.027.033.049.053.076l3.793 5.346c.058.085.072.108.077.108.01.013.024.036.048.063.12.152.419.466.847.466h3.5L3.693 6.752z\" transform=\"translate(-1370 -545) translate(915 473) translate(47 54.5) matrix(-1 0 0 1 418 17.5)\"><\/path><\/g><\/g><\/g><\/g><\/g><\/svg>\t\t\t\t\t\t<\/span>\n\t\t\t\t\t\t\t\t\t\t<span class=\"elementor-icon-list-text\">Limitato recensioni<\/span>\n\t\t\t\t\t\t\t\t\t<\/li>\n\t\t\t\t\t\t\t\t<li class=\"elementor-icon-list-item\">\n\t\t\t\t\t\t\t\t\t\t\t<span class=\"elementor-icon-list-icon\">\n\t\t\t\t\t\t\t<svg xmlns=\"http:\/\/www.w3.org\/2000\/svg\" width=\"10\" height=\"14\" viewbox=\"0 0 10 14\"><g fill=\"none\" fill-rule=\"evenodd\"><g fill=\"#41BAC6\" fill-rule=\"nonzero\"><g><g><g><path d=\"M4.83 6.3S2.77 3.39 3.777 1.86l.84-1.275S4.962 0 5.542 0H9.1L4.83 6.3zM3.693 6.752c-.024-.032-.544-.736-.938-1.637-.264-.597-.413-1.135-.447-1.615L.13 6.572c-.02.023-.034.045-.048.072-.053.09-.082.188-.082.3 0 .108.029.211.082.297.014.027.033.049.053.076l3.793 5.346c.058.085.072.108.077.108.01.013.024.036.048.063.12.152.419.466.847.466h3.5L3.693 6.752z\" transform=\"translate(-1370 -545) translate(915 473) translate(47 54.5) matrix(-1 0 0 1 418 17.5)\"><\/path><\/g><\/g><\/g><\/g><\/g><\/svg>\t\t\t\t\t\t<\/span>\n\t\t\t\t\t\t\t\t\t\t<span class=\"elementor-icon-list-text\">Procedure concordate<\/span>\n\t\t\t\t\t\t\t\t\t<\/li>\n\t\t\t\t\t\t\t\t<li class=\"elementor-icon-list-item\">\n\t\t\t\t\t\t\t\t\t\t\t<span class=\"elementor-icon-list-icon\">\n\t\t\t\t\t\t\t<svg xmlns=\"http:\/\/www.w3.org\/2000\/svg\" width=\"10\" height=\"14\" viewbox=\"0 0 10 14\"><g fill=\"none\" fill-rule=\"evenodd\"><g fill=\"#41BAC6\" fill-rule=\"nonzero\"><g><g><g><path d=\"M4.83 6.3S2.77 3.39 3.777 1.86l.84-1.275S4.962 0 5.542 0H9.1L4.83 6.3zM3.693 6.752c-.024-.032-.544-.736-.938-1.637-.264-.597-.413-1.135-.447-1.615L.13 6.572c-.02.023-.034.045-.048.072-.053.09-.082.188-.082.3 0 .108.029.211.082.297.014.027.033.049.053.076l3.793 5.346c.058.085.072.108.077.108.01.013.024.036.048.063.12.152.419.466.847.466h3.5L3.693 6.752z\" transform=\"translate(-1370 -545) translate(915 473) translate(47 54.5) matrix(-1 0 0 1 418 17.5)\"><\/path><\/g><\/g><\/g><\/g><\/g><\/svg>\t\t\t\t\t\t<\/span>\n\t\t\t\t\t\t\t\t\t\t<span class=\"elementor-icon-list-text\">Assicurazione di informazioni di carattere non finanziario, compresa la rendicontazione di sostenibilit\u00e0<\/span>\n\t\t\t\t\t\t\t\t\t<\/li>\n\t\t\t\t\t\t<\/ul>\n\t\t\t\t\t\t<\/div>\n\t\t\t\t<\/div>\n\t\t\t\t<div class=\"elementor-element elementor-element-6113c5f elementor-widget elementor-widget-text-editor\" data-id=\"6113c5f\" data-element_type=\"widget\" data-e-type=\"widget\" data-widget_type=\"text-editor.default\">\n\t\t\t\t<div class=\"elementor-widget-container\">\n\t\t\t\t\t\t\t\t\t<p>Kreston ATC Cile \u00e8 un membro indipendente del Kreston Globale. Kreston Globale \u00e8 un membro del Forum delle Imprese, un&#039;associazione indipendente di imprese internazionali.\u00a0<\/p>\t\t\t\t\t\t\t\t<\/div>\n\t\t\t\t<\/div>\n\t\t\t\t\t<\/div>\n\t\t<\/div>\n\t\t\t\t<div class=\"elementor-column elementor-col-50 elementor-top-column elementor-element elementor-element-14cf3e8 lakit-col-width-auto-no\" data-id=\"14cf3e8\" data-element_type=\"column\" data-e-type=\"column\">\n\t\t\t<div class=\"elementor-widget-wrap elementor-element-populated\">\n\t\t\t\t\t\t<div class=\"elementor-element elementor-element-e38449b elementor-widget elementor-widget-image\" data-id=\"e38449b\" data-element_type=\"widget\" data-e-type=\"widget\" data-widget_type=\"image.default\">\n\t\t\t\t<div class=\"elementor-widget-container\">\n\t\t\t\t\t\t\t\t\t\t\t\t\t\t\t<img fetchpriority=\"high\" decoding=\"async\" width=\"800\" height=\"1200\" src=\"https:\/\/krestonatcchile.com\/wp-content\/uploads\/2023\/03\/pexels-laura-tancredi-7078884.jpg\" class=\"attachment-full size-full wp-image-1784\" alt=\"\" srcset=\"https:\/\/krestonatcchile.com\/wp-content\/uploads\/2023\/03\/pexels-laura-tancredi-7078884.jpg 800w, https:\/\/krestonatcchile.com\/wp-content\/uploads\/2023\/03\/pexels-laura-tancredi-7078884-200x300.jpg 200w, https:\/\/krestonatcchile.com\/wp-content\/uploads\/2023\/03\/pexels-laura-tancredi-7078884-683x1024.jpg 683w, https:\/\/krestonatcchile.com\/wp-content\/uploads\/2023\/03\/pexels-laura-tancredi-7078884-768x1152.jpg 768w\" sizes=\"(max-width: 800px) 100vw, 800px\" \/>\t\t\t\t\t\t\t\t\t\t\t\t\t\t\t<\/div>\n\t\t\t\t<\/div>\n\t\t\t\t<section class=\"elementor-section elementor-inner-section elementor-element elementor-element-90419fc elementor-section-boxed elementor-section-height-default elementor-section-height-default\" data-id=\"90419fc\" data-element_type=\"section\" data-e-type=\"section\">\n\t\t\t\t\t\t<div class=\"elementor-container elementor-column-gap-default\">\n\t\t\t\t\t<div class=\"elementor-column elementor-col-100 elementor-inner-column elementor-element elementor-element-78eb384 lakit-col-width-auto-no\" data-id=\"78eb384\" data-element_type=\"column\" data-e-type=\"column\">\n\t\t\t<div class=\"elementor-widget-wrap elementor-element-populated\">\n\t\t\t\t\t\t<div class=\"elementor-element elementor-element-a9d93e8 elementor-widget elementor-widget-heading\" data-id=\"a9d93e8\" data-element_type=\"widget\" data-e-type=\"widget\" data-widget_type=\"heading.default\">\n\t\t\t\t<div class=\"elementor-widget-container\">\n\t\t\t\t\t<h6 class=\"elementor-heading-title elementor-size-default\">Altri Servizi<\/h6>\t\t\t\t<\/div>\n\t\t\t\t<\/div>\n\t\t\t\t<div class=\"elementor-element elementor-element-d71caa0 list-link-custom elementor-icon-list--layout-traditional elementor-list-item-link-full_width elementor-widget elementor-widget-icon-list\" data-id=\"d71caa0\" data-element_type=\"widget\" data-e-type=\"widget\" data-widget_type=\"icon-list.default\">\n\t\t\t\t<div class=\"elementor-widget-container\">\n\t\t\t\t\t\t\t<ul class=\"elementor-icon-list-items\">\n\t\t\t\t\t\t\t<li class=\"elementor-icon-list-item\">\n\t\t\t\t\t\t\t\t\t\t\t<a href=\"\/it\/impuestos\/\">\n\n\t\t\t\t\t\t\t\t\t\t\t<span class=\"elementor-icon-list-text\">Le tasse<\/span>\n\t\t\t\t\t\t\t\t\t\t\t<\/a>\n\t\t\t\t\t\t\t\t\t<\/li>\n\t\t\t\t\t\t\t\t<li class=\"elementor-icon-list-item\">\n\t\t\t\t\t\t\t\t\t\t\t<a href=\"\/it\/contabilidad\/\">\n\n\t\t\t\t\t\t\t\t\t\t\t<span class=\"elementor-icon-list-text\">Contabilit\u00e0<\/span>\n\t\t\t\t\t\t\t\t\t\t\t<\/a>\n\t\t\t\t\t\t\t\t\t<\/li>\n\t\t\t\t\t\t\t\t<li class=\"elementor-icon-list-item\">\n\t\t\t\t\t\t\t\t\t\t\t<a href=\"\/it\/consultoria\/\">\n\n\t\t\t\t\t\t\t\t\t\t\t<span class=\"elementor-icon-list-text\">Consulenza<\/span>\n\t\t\t\t\t\t\t\t\t\t\t<\/a>\n\t\t\t\t\t\t\t\t\t<\/li>\n\t\t\t\t\t\t\t\t<li class=\"elementor-icon-list-item\">\n\t\t\t\t\t\t\t\t\t\t\t<a href=\"\/it\/outsourcing%20\/\">\n\n\t\t\t\t\t\t\t\t\t\t\t<span class=\"elementor-icon-list-text\">Outsourcing <\/span>\n\t\t\t\t\t\t\t\t\t\t\t<\/a>\n\t\t\t\t\t\t\t\t\t<\/li>\n\t\t\t\t\t\t<\/ul>\n\t\t\t\t\t\t<\/div>\n\t\t\t\t<\/div>\n\t\t\t\t\t<\/div>\n\t\t<\/div>\n\t\t\t\t\t<\/div>\n\t\t<\/section>\n\t\t\t\t\t<\/div>\n\t\t<\/div>\n\t\t\t\t\t<\/div>\n\t\t<\/section>\n\t\t\t\t<\/div>","protected":false},"excerpt":{"rendered":"<p>Nuestros Servicios Auditor\u00eda y Aseguramiento En Kreston ATC Chile, ofrecemos servicios de auditor\u00eda y aseguramiento dirigidos por Socios especialistas en entidades privadas y p\u00fablicas. Durante nuestras auditor\u00edas, obtenemos una comprensi\u00f3n real tanto de la calidad como de la eficacia de sus sistemas de control interno y contabilidad, trabajando con usted para garantizar el cumplimiento normativo [&hellip;]<\/p>\n","protected":false},"author":1,"featured_media":0,"parent":0,"menu_order":0,"comment_status":"closed","ping_status":"closed","template":"elementor_header_footer","meta":{"om_disable_all_campaigns":false,"_monsterinsights_skip_tracking":false,"_monsterinsights_sitenote_active":false,"_monsterinsights_sitenote_note":"","_monsterinsights_sitenote_category":0,"_uf_show_specific_survey":0,"_uf_disable_surveys":false,"footnotes":""},"class_list":["post-467","page","type-page","status-publish","hentry"],"aioseo_notices":[],"_links":{"self":[{"href":"https:\/\/krestonatcchile.com\/it\/wp-json\/wp\/v2\/pages\/467","targetHints":{"allow":["GET"]}}],"collection":[{"href":"https:\/\/krestonatcchile.com\/it\/wp-json\/wp\/v2\/pages"}],"about":[{"href":"https:\/\/krestonatcchile.com\/it\/wp-json\/wp\/v2\/types\/page"}],"author":[{"embeddable":true,"href":"https:\/\/krestonatcchile.com\/it\/wp-json\/wp\/v2\/users\/1"}],"replies":[{"embeddable":true,"href":"https:\/\/krestonatcchile.com\/it\/wp-json\/wp\/v2\/comments?post=467"}],"version-history":[{"count":60,"href":"https:\/\/krestonatcchile.com\/it\/wp-json\/wp\/v2\/pages\/467\/revisions"}],"predecessor-version":[{"id":2573,"href":"https:\/\/krestonatcchile.com\/it\/wp-json\/wp\/v2\/pages\/467\/revisions\/2573"}],"wp:attachment":[{"href":"https:\/\/krestonatcchile.com\/it\/wp-json\/wp\/v2\/media?parent=467"}],"curies":[{"name":"wp","href":"https:\/\/api.w.org\/{rel}","templated":true}]}}