{"id":397,"date":"2023-01-13T14:56:34","date_gmt":"2023-01-13T17:56:34","guid":{"rendered":"https:\/\/krestoncl.diseno.tecnoweb.net\/?page_id=397"},"modified":"2025-10-01T16:44:02","modified_gmt":"2025-10-01T19:44:02","slug":"contabilidad","status":"publish","type":"page","link":"https:\/\/krestonatcchile.com\/it\/contabilidad\/","title":{"rendered":"Contabilit\u00e0"},"content":{"rendered":"<div data-elementor-type=\"wp-page\" data-elementor-id=\"397\" class=\"elementor elementor-397\">\n\t\t\t\t\t\t<section class=\"elementor-section elementor-top-section elementor-element elementor-element-125cc9a elementor-section-full_width elementor-section-height-min-height elementor-section-height-default elementor-section-items-middle e-parent\" data-id=\"125cc9a\" data-element_type=\"section\" data-e-type=\"section\" data-settings=\"{&quot;background_background&quot;:&quot;classic&quot;}\">\n\t\t\t\t\t\t<div class=\"elementor-container elementor-column-gap-default\">\n\t\t\t\t\t<div class=\"elementor-column elementor-col-100 elementor-top-column elementor-element elementor-element-2c47342 lakit-col-width-auto-no\" data-id=\"2c47342\" data-element_type=\"column\" data-e-type=\"column\">\n\t\t\t<div class=\"elementor-widget-wrap elementor-element-populated\">\n\t\t\t\t\t\t<section class=\"elementor-section elementor-inner-section elementor-element elementor-element-a0662d3 elementor-section-full_width elementor-section-height-min-height elementor-section-height-default\" data-id=\"a0662d3\" data-element_type=\"section\" data-e-type=\"section\">\n\t\t\t\t\t\t<div class=\"elementor-container elementor-column-gap-default\">\n\t\t\t\t\t<div class=\"elementor-column elementor-col-50 elementor-inner-column elementor-element elementor-element-a9a42c4 lakit-col-width-auto-no\" data-id=\"a9a42c4\" data-element_type=\"column\" data-e-type=\"column\">\n\t\t\t<div class=\"elementor-widget-wrap\">\n\t\t\t\t\t\t\t<\/div>\n\t\t<\/div>\n\t\t\t\t<div class=\"elementor-column elementor-col-50 elementor-inner-column elementor-element elementor-element-ede353c lakit-col-width-auto-no\" data-id=\"ede353c\" data-element_type=\"column\" data-e-type=\"column\" data-settings=\"{&quot;background_background&quot;:&quot;classic&quot;}\">\n\t\t\t<div class=\"elementor-widget-wrap elementor-element-populated\">\n\t\t\t\t\t\t<div class=\"elementor-element elementor-element-49a6741 elementor-widget__width-auto elementor-widget elementor-widget-heading\" data-id=\"49a6741\" data-element_type=\"widget\" data-e-type=\"widget\" data-widget_type=\"heading.default\">\n\t\t\t\t<div class=\"elementor-widget-container\">\n\t\t\t\t\t<h1 class=\"elementor-heading-title elementor-size-default\">Contabilit\u00e0 <\/h1>\t\t\t\t<\/div>\n\t\t\t\t<\/div>\n\t\t\t\t\t<\/div>\n\t\t<\/div>\n\t\t\t\t\t<\/div>\n\t\t<\/section>\n\t\t\t\t\t<\/div>\n\t\t<\/div>\n\t\t\t\t\t<\/div>\n\t\t<\/section>\n\t\t\t\t<section class=\"elementor-section elementor-top-section elementor-element elementor-element-6855774 elementor-section-boxed elementor-section-height-default elementor-section-height-default e-parent\" data-id=\"6855774\" data-element_type=\"section\" data-e-type=\"section\">\n\t\t\t\t\t\t<div class=\"elementor-container elementor-column-gap-default\">\n\t\t\t\t\t<div class=\"elementor-column elementor-col-50 elementor-top-column elementor-element elementor-element-5557817 lakit-col-width-auto-no\" data-id=\"5557817\" data-element_type=\"column\" data-e-type=\"column\">\n\t\t\t<div class=\"elementor-widget-wrap elementor-element-populated\">\n\t\t\t\t\t\t<div class=\"elementor-element elementor-element-1141165 elementor-widget elementor-widget-heading\" data-id=\"1141165\" data-element_type=\"widget\" data-e-type=\"widget\" data-widget_type=\"heading.default\">\n\t\t\t\t<div class=\"elementor-widget-container\">\n\t\t\t\t\t<h2 class=\"elementor-heading-title elementor-size-default\">Contabile - Servizio Personale e Confidenziale<\/h2>\t\t\t\t<\/div>\n\t\t\t\t<\/div>\n\t\t\t\t<div class=\"elementor-element elementor-element-5c031c3 elementor-widget elementor-widget-text-editor\" data-id=\"5c031c3\" data-element_type=\"widget\" data-e-type=\"widget\" data-widget_type=\"text-editor.default\">\n\t\t\t\t<div class=\"elementor-widget-container\">\n\t\t\t\t\t\t\t\t\t<p>Le risorse di Kreston ATC Cile fornire servizi di contabilit\u00e0, che sono essenziali per una societ\u00e0 in crescita e ben note aziende. I nostri servizi sono personalizzati per le imprese piccole, medie e grandi.<\/p>\t\t\t\t\t\t\t\t<\/div>\n\t\t\t\t<\/div>\n\t\t\t\t<div class=\"elementor-element elementor-element-e10edfb elementor-widget elementor-widget-text-editor\" data-id=\"e10edfb\" data-element_type=\"widget\" data-e-type=\"widget\" data-widget_type=\"text-editor.default\">\n\t\t\t\t<div class=\"elementor-widget-container\">\n\t\t\t\t\t\t\t\t\t<p>I nostri servizi offrono supporto dei report; gestione p &amp; l, bilancio, riferisce al consiglio, di supporto al senior Management e il team amministrativo\/finanziario. Kreston ATC Cile \u00e8 utilizzato per soddisfare molte esigenze per i diversi tipi di entit\u00e0. Dalle relazioni in ambito IFRS, regole per le imprese di famiglia, locale e in qualsiasi luogo nel mondo, che, basandosi sulle strette relazioni tra l&#039;azienda membro di Kreston Globale, fornendo una consulenza tempestiva e costante bisogno per la crescita del tuo business.<\/p><p>I nostri servizi di contabilit\u00e0 includono:<\/p>\t\t\t\t\t\t\t\t<\/div>\n\t\t\t\t<\/div>\n\t\t\t\t<div class=\"elementor-element elementor-element-acc5384 elementor-align-start elementor-icon-list--layout-traditional elementor-list-item-link-full_width elementor-widget elementor-widget-icon-list\" data-id=\"acc5384\" data-element_type=\"widget\" data-e-type=\"widget\" data-widget_type=\"icon-list.default\">\n\t\t\t\t<div class=\"elementor-widget-container\">\n\t\t\t\t\t\t\t<ul class=\"elementor-icon-list-items\">\n\t\t\t\t\t\t\t<li class=\"elementor-icon-list-item\">\n\t\t\t\t\t\t\t\t\t\t\t<span class=\"elementor-icon-list-icon\">\n\t\t\t\t\t\t\t<svg xmlns=\"http:\/\/www.w3.org\/2000\/svg\" width=\"10\" height=\"14\" viewbox=\"0 0 10 14\"><g fill=\"none\" fill-rule=\"evenodd\"><g fill=\"#41BAC6\" fill-rule=\"nonzero\"><g><g><g><path d=\"M4.83 6.3S2.77 3.39 3.777 1.86l.84-1.275S4.962 0 5.542 0H9.1L4.83 6.3zM3.693 6.752c-.024-.032-.544-.736-.938-1.637-.264-.597-.413-1.135-.447-1.615L.13 6.572c-.02.023-.034.045-.048.072-.053.09-.082.188-.082.3 0 .108.029.211.082.297.014.027.033.049.053.076l3.793 5.346c.058.085.072.108.077.108.01.013.024.036.048.063.12.152.419.466.847.466h3.5L3.693 6.752z\" transform=\"translate(-1370 -545) translate(915 473) translate(47 54.5) matrix(-1 0 0 1 418 17.5)\"><\/path><\/g><\/g><\/g><\/g><\/g><\/svg>\t\t\t\t\t\t<\/span>\n\t\t\t\t\t\t\t\t\t\t<span class=\"elementor-icon-list-text\">Redazione del bilancio in conformit\u00e0 agli International Financial reporting Standards (IFRS) e la sua sigla in inglese (IFRS)<\/span>\n\t\t\t\t\t\t\t\t\t<\/li>\n\t\t\t\t\t\t\t\t<li class=\"elementor-icon-list-item\">\n\t\t\t\t\t\t\t\t\t\t\t<span class=\"elementor-icon-list-icon\">\n\t\t\t\t\t\t\t<svg xmlns=\"http:\/\/www.w3.org\/2000\/svg\" width=\"10\" height=\"14\" viewbox=\"0 0 10 14\"><g fill=\"none\" fill-rule=\"evenodd\"><g fill=\"#41BAC6\" fill-rule=\"nonzero\"><g><g><g><path d=\"M4.83 6.3S2.77 3.39 3.777 1.86l.84-1.275S4.962 0 5.542 0H9.1L4.83 6.3zM3.693 6.752c-.024-.032-.544-.736-.938-1.637-.264-.597-.413-1.135-.447-1.615L.13 6.572c-.02.023-.034.045-.048.072-.053.09-.082.188-.082.3 0 .108.029.211.082.297.014.027.033.049.053.076l3.793 5.346c.058.085.072.108.077.108.01.013.024.036.048.063.12.152.419.466.847.466h3.5L3.693 6.752z\" transform=\"translate(-1370 -545) translate(915 473) translate(47 54.5) matrix(-1 0 0 1 418 17.5)\"><\/path><\/g><\/g><\/g><\/g><\/g><\/svg>\t\t\t\t\t\t<\/span>\n\t\t\t\t\t\t\t\t\t\t<span class=\"elementor-icon-list-text\">Budget e pianificazione aziendale<\/span>\n\t\t\t\t\t\t\t\t\t<\/li>\n\t\t\t\t\t\t\t\t<li class=\"elementor-icon-list-item\">\n\t\t\t\t\t\t\t\t\t\t\t<span class=\"elementor-icon-list-icon\">\n\t\t\t\t\t\t\t<svg xmlns=\"http:\/\/www.w3.org\/2000\/svg\" width=\"10\" height=\"14\" viewbox=\"0 0 10 14\"><g fill=\"none\" fill-rule=\"evenodd\"><g fill=\"#41BAC6\" fill-rule=\"nonzero\"><g><g><g><path d=\"M4.83 6.3S2.77 3.39 3.777 1.86l.84-1.275S4.962 0 5.542 0H9.1L4.83 6.3zM3.693 6.752c-.024-.032-.544-.736-.938-1.637-.264-.597-.413-1.135-.447-1.615L.13 6.572c-.02.023-.034.045-.048.072-.053.09-.082.188-.082.3 0 .108.029.211.082.297.014.027.033.049.053.076l3.793 5.346c.058.085.072.108.077.108.01.013.024.036.048.063.12.152.419.466.847.466h3.5L3.693 6.752z\" transform=\"translate(-1370 -545) translate(915 473) translate(47 54.5) matrix(-1 0 0 1 418 17.5)\"><\/path><\/g><\/g><\/g><\/g><\/g><\/svg>\t\t\t\t\t\t<\/span>\n\t\t\t\t\t\t\t\t\t\t<span class=\"elementor-icon-list-text\">Gestione contabilit\u00e0 e relazioni<\/span>\n\t\t\t\t\t\t\t\t\t<\/li>\n\t\t\t\t\t\t\t\t<li class=\"elementor-icon-list-item\">\n\t\t\t\t\t\t\t\t\t\t\t<span class=\"elementor-icon-list-icon\">\n\t\t\t\t\t\t\t<svg xmlns=\"http:\/\/www.w3.org\/2000\/svg\" width=\"10\" height=\"14\" viewbox=\"0 0 10 14\"><g fill=\"none\" fill-rule=\"evenodd\"><g fill=\"#41BAC6\" fill-rule=\"nonzero\"><g><g><g><path d=\"M4.83 6.3S2.77 3.39 3.777 1.86l.84-1.275S4.962 0 5.542 0H9.1L4.83 6.3zM3.693 6.752c-.024-.032-.544-.736-.938-1.637-.264-.597-.413-1.135-.447-1.615L.13 6.572c-.02.023-.034.045-.048.072-.053.09-.082.188-.082.3 0 .108.029.211.082.297.014.027.033.049.053.076l3.793 5.346c.058.085.072.108.077.108.01.013.024.036.048.063.12.152.419.466.847.466h3.5L3.693 6.752z\" transform=\"translate(-1370 -545) translate(915 473) translate(47 54.5) matrix(-1 0 0 1 418 17.5)\"><\/path><\/g><\/g><\/g><\/g><\/g><\/svg>\t\t\t\t\t\t<\/span>\n\t\t\t\t\t\t\t\t\t\t<span class=\"elementor-icon-list-text\">Chief financial officer in outsourcing<\/span>\n\t\t\t\t\t\t\t\t\t<\/li>\n\t\t\t\t\t\t\t\t<li class=\"elementor-icon-list-item\">\n\t\t\t\t\t\t\t\t\t\t\t<span class=\"elementor-icon-list-icon\">\n\t\t\t\t\t\t\t<svg xmlns=\"http:\/\/www.w3.org\/2000\/svg\" width=\"10\" height=\"14\" viewbox=\"0 0 10 14\"><g fill=\"none\" fill-rule=\"evenodd\"><g fill=\"#41BAC6\" fill-rule=\"nonzero\"><g><g><g><path d=\"M4.83 6.3S2.77 3.39 3.777 1.86l.84-1.275S4.962 0 5.542 0H9.1L4.83 6.3zM3.693 6.752c-.024-.032-.544-.736-.938-1.637-.264-.597-.413-1.135-.447-1.615L.13 6.572c-.02.023-.034.045-.048.072-.053.09-.082.188-.082.3 0 .108.029.211.082.297.014.027.033.049.053.076l3.793 5.346c.058.085.072.108.077.108.01.013.024.036.048.063.12.152.419.466.847.466h3.5L3.693 6.752z\" transform=\"translate(-1370 -545) translate(915 473) translate(47 54.5) matrix(-1 0 0 1 418 17.5)\"><\/path><\/g><\/g><\/g><\/g><\/g><\/svg>\t\t\t\t\t\t<\/span>\n\t\t\t\t\t\t\t\t\t\t<span class=\"elementor-icon-list-text\">Supporto, consulenza e orientamento al team finance<\/span>\n\t\t\t\t\t\t\t\t\t<\/li>\n\t\t\t\t\t\t<\/ul>\n\t\t\t\t\t\t<\/div>\n\t\t\t\t<\/div>\n\t\t\t\t\t<\/div>\n\t\t<\/div>\n\t\t\t\t<div class=\"elementor-column elementor-col-50 elementor-top-column elementor-element elementor-element-4a34eb6 lakit-col-width-auto-no\" data-id=\"4a34eb6\" data-element_type=\"column\" data-e-type=\"column\">\n\t\t\t<div class=\"elementor-widget-wrap elementor-element-populated\">\n\t\t\t\t\t\t<div class=\"elementor-element elementor-element-a403e82 elementor-widget elementor-widget-image\" data-id=\"a403e82\" data-element_type=\"widget\" data-e-type=\"widget\" data-widget_type=\"image.default\">\n\t\t\t\t<div class=\"elementor-widget-container\">\n\t\t\t\t\t\t\t\t\t\t\t\t\t\t\t<img fetchpriority=\"high\" decoding=\"async\" width=\"800\" height=\"1200\" src=\"https:\/\/krestonatcchile.com\/wp-content\/uploads\/2023\/03\/Woman-in-blue.jpg\" class=\"attachment-full size-full wp-image-1788\" alt=\"\" srcset=\"https:\/\/krestonatcchile.com\/wp-content\/uploads\/2023\/03\/Woman-in-blue.jpg 800w, https:\/\/krestonatcchile.com\/wp-content\/uploads\/2023\/03\/Woman-in-blue-200x300.jpg 200w, https:\/\/krestonatcchile.com\/wp-content\/uploads\/2023\/03\/Woman-in-blue-683x1024.jpg 683w, https:\/\/krestonatcchile.com\/wp-content\/uploads\/2023\/03\/Woman-in-blue-768x1152.jpg 768w\" sizes=\"(max-width: 800px) 100vw, 800px\" \/>\t\t\t\t\t\t\t\t\t\t\t\t\t\t\t<\/div>\n\t\t\t\t<\/div>\n\t\t\t\t<section class=\"elementor-section elementor-inner-section elementor-element elementor-element-0c4d85c elementor-section-boxed elementor-section-height-default elementor-section-height-default\" data-id=\"0c4d85c\" data-element_type=\"section\" data-e-type=\"section\">\n\t\t\t\t\t\t<div class=\"elementor-container elementor-column-gap-default\">\n\t\t\t\t\t<div class=\"elementor-column elementor-col-100 elementor-inner-column elementor-element elementor-element-95016ab lakit-col-width-auto-no\" data-id=\"95016ab\" data-element_type=\"column\" data-e-type=\"column\">\n\t\t\t<div class=\"elementor-widget-wrap elementor-element-populated\">\n\t\t\t\t\t\t<div class=\"elementor-element elementor-element-91be78f elementor-widget elementor-widget-heading\" data-id=\"91be78f\" data-element_type=\"widget\" data-e-type=\"widget\" data-widget_type=\"heading.default\">\n\t\t\t\t<div class=\"elementor-widget-container\">\n\t\t\t\t\t<h6 class=\"elementor-heading-title elementor-size-default\">Altri Servizi<\/h6>\t\t\t\t<\/div>\n\t\t\t\t<\/div>\n\t\t\t\t<div class=\"elementor-element elementor-element-55b7ff89 list-link-custom elementor-icon-list--layout-traditional elementor-list-item-link-full_width elementor-widget elementor-widget-icon-list\" data-id=\"55b7ff89\" data-element_type=\"widget\" data-e-type=\"widget\" data-widget_type=\"icon-list.default\">\n\t\t\t\t<div class=\"elementor-widget-container\">\n\t\t\t\t\t\t\t<ul class=\"elementor-icon-list-items\">\n\t\t\t\t\t\t\t<li class=\"elementor-icon-list-item\">\n\t\t\t\t\t\t\t\t\t\t\t<a href=\"\/it\/auditoria-y-aseguramiento\/\">\n\n\t\t\t\t\t\t\t\t\t\t\t<span class=\"elementor-icon-list-text\">Di revisione e organizzazione contabile<\/span>\n\t\t\t\t\t\t\t\t\t\t\t<\/a>\n\t\t\t\t\t\t\t\t\t<\/li>\n\t\t\t\t\t\t\t\t<li class=\"elementor-icon-list-item\">\n\t\t\t\t\t\t\t\t\t\t\t<a href=\"\/it\/impuestos\/\">\n\n\t\t\t\t\t\t\t\t\t\t\t<span class=\"elementor-icon-list-text\">Le tasse<\/span>\n\t\t\t\t\t\t\t\t\t\t\t<\/a>\n\t\t\t\t\t\t\t\t\t<\/li>\n\t\t\t\t\t\t\t\t<li class=\"elementor-icon-list-item\">\n\t\t\t\t\t\t\t\t\t\t\t<a href=\"\/it\/consultoria\/\">\n\n\t\t\t\t\t\t\t\t\t\t\t<span class=\"elementor-icon-list-text\">Consulenza<\/span>\n\t\t\t\t\t\t\t\t\t\t\t<\/a>\n\t\t\t\t\t\t\t\t\t<\/li>\n\t\t\t\t\t\t\t\t<li class=\"elementor-icon-list-item\">\n\t\t\t\t\t\t\t\t\t\t\t<a href=\"\/it\/outsourcing%20\/\">\n\n\t\t\t\t\t\t\t\t\t\t\t<span class=\"elementor-icon-list-text\">Outsourcing<\/span>\n\t\t\t\t\t\t\t\t\t\t\t<\/a>\n\t\t\t\t\t\t\t\t\t<\/li>\n\t\t\t\t\t\t<\/ul>\n\t\t\t\t\t\t<\/div>\n\t\t\t\t<\/div>\n\t\t\t\t\t<\/div>\n\t\t<\/div>\n\t\t\t\t\t<\/div>\n\t\t<\/section>\n\t\t\t\t\t<\/div>\n\t\t<\/div>\n\t\t\t\t\t<\/div>\n\t\t<\/section>\n\t\t\t\t<\/div>","protected":false},"excerpt":{"rendered":"<p>Contabilidad Contabilidad &#8211; Un Servicio Personal y Confidencial Los recursos de Kreston ATC Chile brindan servicios de contabilidad que son esenciales para una empresa en crecimiento y tambi\u00e9n empresas consolidadas. Nuestros servicios se ajustan a empresas peque\u00f1as, medianas y de gran tama\u00f1o. Nuestros servicios brindan apoyo con informes de; gesti\u00f3n, estados de p\u00e9rdidas y ganancias, [&hellip;]<\/p>\n","protected":false},"author":1,"featured_media":0,"parent":0,"menu_order":0,"comment_status":"closed","ping_status":"closed","template":"elementor_header_footer","meta":{"om_disable_all_campaigns":false,"_monsterinsights_skip_tracking":false,"_monsterinsights_sitenote_active":false,"_monsterinsights_sitenote_note":"","_monsterinsights_sitenote_category":0,"_uf_show_specific_survey":0,"_uf_disable_surveys":false,"footnotes":""},"class_list":["post-397","page","type-page","status-publish","hentry"],"aioseo_notices":[],"_links":{"self":[{"href":"https:\/\/krestonatcchile.com\/it\/wp-json\/wp\/v2\/pages\/397","targetHints":{"allow":["GET"]}}],"collection":[{"href":"https:\/\/krestonatcchile.com\/it\/wp-json\/wp\/v2\/pages"}],"about":[{"href":"https:\/\/krestonatcchile.com\/it\/wp-json\/wp\/v2\/types\/page"}],"author":[{"embeddable":true,"href":"https:\/\/krestonatcchile.com\/it\/wp-json\/wp\/v2\/users\/1"}],"replies":[{"embeddable":true,"href":"https:\/\/krestonatcchile.com\/it\/wp-json\/wp\/v2\/comments?post=397"}],"version-history":[{"count":67,"href":"https:\/\/krestonatcchile.com\/it\/wp-json\/wp\/v2\/pages\/397\/revisions"}],"predecessor-version":[{"id":3241,"href":"https:\/\/krestonatcchile.com\/it\/wp-json\/wp\/v2\/pages\/397\/revisions\/3241"}],"wp:attachment":[{"href":"https:\/\/krestonatcchile.com\/it\/wp-json\/wp\/v2\/media?parent=397"}],"curies":[{"name":"wp","href":"https:\/\/api.w.org\/{rel}","templated":true}]}}