{"id":1373,"date":"2023-02-08T22:04:21","date_gmt":"2023-02-09T01:04:21","guid":{"rendered":"https:\/\/krestoncl.diseno.tecnoweb.net\/?page_id=1373"},"modified":"2025-01-16T10:06:04","modified_gmt":"2025-01-16T13:06:04","slug":"unete-a-kreston-atc","status":"publish","type":"page","link":"https:\/\/krestonatcchile.com\/he\/unete-a-kreston-atc\/","title":{"rendered":"\u05d4\u05e6\u05d8\u05e8\u05e4\u05d5 \u05e7\u05e8\u05d9\u05e1\u05d8\u05df ATC"},"content":{"rendered":"<div data-elementor-type=\"wp-page\" data-elementor-id=\"1373\" class=\"elementor elementor-1373\">\n\t\t\t\t\t\t<section class=\"elementor-section elementor-top-section elementor-element elementor-element-776b434 elementor-section-full_width elementor-section-height-min-height elementor-section-height-default elementor-section-items-middle e-parent\" data-id=\"776b434\" data-element_type=\"section\" data-e-type=\"section\" data-settings=\"{&quot;background_background&quot;:&quot;classic&quot;}\">\n\t\t\t\t\t\t<div class=\"elementor-container elementor-column-gap-default\">\n\t\t\t\t\t<div class=\"elementor-column elementor-col-100 elementor-top-column elementor-element elementor-element-0677a97 lakit-col-width-auto-no\" data-id=\"0677a97\" data-element_type=\"column\" data-e-type=\"column\">\n\t\t\t<div class=\"elementor-widget-wrap elementor-element-populated\">\n\t\t\t\t\t\t<section class=\"elementor-section elementor-inner-section elementor-element elementor-element-91e8d3c elementor-section-full_width elementor-section-height-min-height elementor-section-height-default\" data-id=\"91e8d3c\" data-element_type=\"section\" data-e-type=\"section\">\n\t\t\t\t\t\t<div class=\"elementor-container elementor-column-gap-default\">\n\t\t\t\t\t<div class=\"elementor-column elementor-col-50 elementor-inner-column elementor-element elementor-element-2acf357 lakit-col-width-auto-no\" data-id=\"2acf357\" data-element_type=\"column\" data-e-type=\"column\">\n\t\t\t<div class=\"elementor-widget-wrap\">\n\t\t\t\t\t\t\t<\/div>\n\t\t<\/div>\n\t\t\t\t<div class=\"elementor-column elementor-col-50 elementor-inner-column elementor-element elementor-element-966a105 lakit-col-width-auto-no\" data-id=\"966a105\" data-element_type=\"column\" data-e-type=\"column\" data-settings=\"{&quot;background_background&quot;:&quot;classic&quot;}\">\n\t\t\t<div class=\"elementor-widget-wrap elementor-element-populated\">\n\t\t\t\t\t\t<div class=\"elementor-element elementor-element-592883c elementor-widget__width-auto elementor-widget elementor-widget-heading\" data-id=\"592883c\" data-element_type=\"widget\" data-e-type=\"widget\" data-widget_type=\"heading.default\">\n\t\t\t\t<div class=\"elementor-widget-container\">\n\t\t\t\t\t<h1 class=\"elementor-heading-title elementor-size-default\">\u05e2\u05d5\u05d1\u05d3 \u05e2\u05dc \u05e7\u05e8\u05d9\u05e1\u05d8\u05df ATC \u05e6 &#039; \u05d9\u05dc\u05d4 <\/h1>\t\t\t\t<\/div>\n\t\t\t\t<\/div>\n\t\t\t\t\t<\/div>\n\t\t<\/div>\n\t\t\t\t\t<\/div>\n\t\t<\/section>\n\t\t\t\t\t<\/div>\n\t\t<\/div>\n\t\t\t\t\t<\/div>\n\t\t<\/section>\n\t\t\t\t<section class=\"elementor-section elementor-top-section elementor-element elementor-element-8223e52 elementor-section-boxed elementor-section-height-default elementor-section-height-default e-parent\" data-id=\"8223e52\" data-element_type=\"section\" data-e-type=\"section\">\n\t\t\t\t\t\t<div class=\"elementor-container elementor-column-gap-default\">\n\t\t\t\t\t<div class=\"elementor-column elementor-col-100 elementor-top-column elementor-element elementor-element-96d8fd6 lakit-col-width-auto-no\" data-id=\"96d8fd6\" data-element_type=\"column\" data-e-type=\"column\">\n\t\t\t<div class=\"elementor-widget-wrap elementor-element-populated\">\n\t\t\t\t\t\t<div class=\"elementor-element elementor-element-443640a elementor-widget elementor-widget-heading\" data-id=\"443640a\" data-element_type=\"widget\" data-e-type=\"widget\" data-widget_type=\"heading.default\">\n\t\t\t\t<div class=\"elementor-widget-container\">\n\t\t\t\t\t<h2 class=\"elementor-heading-title elementor-size-default\">\u05d4\u05e6\u05d8\u05e8\u05e4\u05d5 \u05e7\u05e8\u05d9\u05e1\u05d8\u05df ATC \u05e6 &#039; \u05d9\u05dc\u05d4<\/h2>\t\t\t\t<\/div>\n\t\t\t\t<\/div>\n\t\t\t\t<div class=\"elementor-element elementor-element-4ce3e93 elementor-widget elementor-widget-text-editor\" data-id=\"4ce3e93\" data-element_type=\"widget\" data-e-type=\"widget\" data-widget_type=\"text-editor.default\">\n\t\t\t\t<div class=\"elementor-widget-container\">\n\t\t\t\t\t\t\t\t\t\u05e7\u05e8\u05d9\u05e1\u05d8\u05df ATC \u05e6 &#039; \u05d9\u05dc\u05d4 \u05d4\u05d5\u05d0 \u05d7\u05dc\u05e7 \u05de\u05d4\u05e8\u05e9\u05ea \u05d4\u05d1\u05d9\u05e0\u05dc\u05d0\u05d5\u05de\u05d9\u05ea \u05e7\u05e8\u05d9\u05e1\u05d8\u05df \u05d4\u05e2\u05d5\u05dc\u05de\u05d9\u05ea, \u05d7\u05d1\u05e8\u05d4 \u05d4\u05de\u05e1\u05e4\u05e7\u05ea \u05d1\u05d9\u05e7\u05d5\u05e8\u05ea \u05d5\u05d0\u05d1\u05d8\u05d7\u05ea \u05e9\u05d9\u05e8\u05d5\u05ea\u05d9 \u05de\u05e1, \u05d4\u05e0\u05d4\u05dc\u05ea \u05d7\u05e9\u05d1\u05d5\u05e0\u05d5\u05ea, \u05d9\u05d9\u05e2\u05d5\u05e5, \u05de\u05d9\u05e7\u05d5\u05e8 \u05d7\u05d5\u05e5, \u05e9\u05de\u05d8\u05e8\u05ea\u05d5 \u05d4\u05d9\u05d0 \u05ea\u05de\u05d9\u05db\u05d4 \u05dc\u05dc\u05e7\u05d5\u05d7\u05d5\u05ea \u05e9\u05dc\u05e0\u05d5 \u05dc\u05d4\u05e6\u05dc\u05d9\u05d7 \u05d1\u05db\u05dc \u05de\u05d3\u05d9\u05e0\u05d4 \u05d0\u05d5 \u05e9\u05d5\u05e7 \u05e9\u05d1\u05d5 \u05d4\u05dd \u05d1\u05d5\u05d7\u05e8\u05d9\u05dd \u05dc\u05e4\u05e2\u05d5\u05dc.\t\t\t\t\t\t\t\t<\/div>\n\t\t\t\t<\/div>\n\t\t\t\t<div class=\"elementor-element elementor-element-73b386f elementor-widget elementor-widget-text-editor\" data-id=\"73b386f\" data-element_type=\"widget\" data-e-type=\"widget\" data-widget_type=\"text-editor.default\">\n\t\t\t\t<div class=\"elementor-widget-container\">\n\t\t\t\t\t\t\t\t\t<p>\u05d0\u05e0\u05d5 \u05de\u05e6\u05d9\u05e2\u05d9\u05dd \u05d4\u05d6\u05d3\u05de\u05e0\u05d5\u05ea \u05dc\u05e4\u05d9\u05ea\u05d5\u05d7 \u05de\u05e7\u05e6\u05d5\u05e2\u05d9 \u05d5\u05dc\u05e6\u05de\u05d9\u05d7\u05d4 \u05d0\u05d9\u05e9\u05d9\u05ea \u05dc\u05d8\u05d5\u05d5\u05d7 \u05d4\u05d0\u05e8\u05d5\u05da. \u05d4\u05d3\u05d1\u05e8 \u05d4\u05e2\u05d9\u05e7\u05e8\u05d9 \u05d4\u05d5\u05d0 \u05d4\u05d3\u05d0\u05d2\u05d4 \u05dc\u05e2\u05d5\u05d1\u05d3\u05d9\u05dd \u05e9\u05dc\u05e0\u05d5 \u05d5\u05d0\u05ea \u05d4\u05e9\u05d9\u05e8\u05d5\u05ea \u05e9\u05d4\u05dd \u05de\u05e1\u05e4\u05e7\u05d9\u05dd \u05dc\u05dc\u05e7\u05d5\u05d7\u05d5\u05ea \u05e9\u05dc\u05e0\u05d5.<\/p><p>\u05d4\u05d0\u05d6\u05d5\u05e8 \u05e9\u05d1\u05d5 \u05d0\u05ea\u05d4 \u05d9\u05db\u05d5\u05dc \u05dc\u05e4\u05ea\u05d7 \u05d0\u05ea \u05e2\u05e6\u05de\u05da:<\/p>\t\t\t\t\t\t\t\t<\/div>\n\t\t\t\t<\/div>\n\t\t\t\t<section class=\"elementor-section elementor-inner-section elementor-element elementor-element-02ba7c0 elementor-section-boxed elementor-section-height-default elementor-section-height-default\" data-id=\"02ba7c0\" data-element_type=\"section\" data-e-type=\"section\">\n\t\t\t\t\t\t<div class=\"elementor-container elementor-column-gap-default\">\n\t\t\t\t\t<div class=\"elementor-column elementor-col-50 elementor-inner-column elementor-element elementor-element-37f96c7 lakit-col-width-auto-no\" data-id=\"37f96c7\" data-element_type=\"column\" data-e-type=\"column\">\n\t\t\t<div class=\"elementor-widget-wrap elementor-element-populated\">\n\t\t\t\t\t\t<div class=\"elementor-element elementor-element-339315e elementor-align-start elementor-icon-list--layout-traditional elementor-list-item-link-full_width elementor-widget elementor-widget-icon-list\" data-id=\"339315e\" data-element_type=\"widget\" data-e-type=\"widget\" data-widget_type=\"icon-list.default\">\n\t\t\t\t<div class=\"elementor-widget-container\">\n\t\t\t\t\t\t\t<ul class=\"elementor-icon-list-items\">\n\t\t\t\t\t\t\t<li class=\"elementor-icon-list-item\">\n\t\t\t\t\t\t\t\t\t\t\t<span class=\"elementor-icon-list-icon\">\n\t\t\t\t\t\t\t<svg xmlns=\"http:\/\/www.w3.org\/2000\/svg\" width=\"10\" height=\"14\" viewbox=\"0 0 10 14\"><g fill=\"none\" fill-rule=\"evenodd\"><g fill=\"#41BAC6\" fill-rule=\"nonzero\"><g><g><g><path d=\"M4.83 6.3S2.77 3.39 3.777 1.86l.84-1.275S4.962 0 5.542 0H9.1L4.83 6.3zM3.693 6.752c-.024-.032-.544-.736-.938-1.637-.264-.597-.413-1.135-.447-1.615L.13 6.572c-.02.023-.034.045-.048.072-.053.09-.082.188-.082.3 0 .108.029.211.082.297.014.027.033.049.053.076l3.793 5.346c.058.085.072.108.077.108.01.013.024.036.048.063.12.152.419.466.847.466h3.5L3.693 6.752z\" transform=\"translate(-1370 -545) translate(915 473) translate(47 54.5) matrix(-1 0 0 1 418 17.5)\"><\/path><\/g><\/g><\/g><\/g><\/g><\/svg>\t\t\t\t\t\t<\/span>\n\t\t\t\t\t\t\t\t\t\t<span class=\"elementor-icon-list-text\">\u05d1\u05d9\u05e7\u05d5\u05e8\u05ea \u05d5\u05d0\u05d1\u05d8\u05d7\u05ea<\/span>\n\t\t\t\t\t\t\t\t\t<\/li>\n\t\t\t\t\t\t\t\t<li class=\"elementor-icon-list-item\">\n\t\t\t\t\t\t\t\t\t\t\t<span class=\"elementor-icon-list-icon\">\n\t\t\t\t\t\t\t<svg xmlns=\"http:\/\/www.w3.org\/2000\/svg\" width=\"10\" height=\"14\" viewbox=\"0 0 10 14\"><g fill=\"none\" fill-rule=\"evenodd\"><g fill=\"#41BAC6\" fill-rule=\"nonzero\"><g><g><g><path d=\"M4.83 6.3S2.77 3.39 3.777 1.86l.84-1.275S4.962 0 5.542 0H9.1L4.83 6.3zM3.693 6.752c-.024-.032-.544-.736-.938-1.637-.264-.597-.413-1.135-.447-1.615L.13 6.572c-.02.023-.034.045-.048.072-.053.09-.082.188-.082.3 0 .108.029.211.082.297.014.027.033.049.053.076l3.793 5.346c.058.085.072.108.077.108.01.013.024.036.048.063.12.152.419.466.847.466h3.5L3.693 6.752z\" transform=\"translate(-1370 -545) translate(915 473) translate(47 54.5) matrix(-1 0 0 1 418 17.5)\"><\/path><\/g><\/g><\/g><\/g><\/g><\/svg>\t\t\t\t\t\t<\/span>\n\t\t\t\t\t\t\t\t\t\t<span class=\"elementor-icon-list-text\">\u05de\u05e1\u05d9\u05dd \u05dc\u05d0\u05d5\u05de\u05d9\u05d9\u05dd \u05d5\u05d1\u05d9\u05e0\u05dc\u05d0\u05d5\u05de\u05d9\u05d9\u05dd<\/span>\n\t\t\t\t\t\t\t\t\t<\/li>\n\t\t\t\t\t\t\t\t<li class=\"elementor-icon-list-item\">\n\t\t\t\t\t\t\t\t\t\t\t<span class=\"elementor-icon-list-icon\">\n\t\t\t\t\t\t\t<svg xmlns=\"http:\/\/www.w3.org\/2000\/svg\" width=\"10\" height=\"14\" viewbox=\"0 0 10 14\"><g fill=\"none\" fill-rule=\"evenodd\"><g fill=\"#41BAC6\" fill-rule=\"nonzero\"><g><g><g><path d=\"M4.83 6.3S2.77 3.39 3.777 1.86l.84-1.275S4.962 0 5.542 0H9.1L4.83 6.3zM3.693 6.752c-.024-.032-.544-.736-.938-1.637-.264-.597-.413-1.135-.447-1.615L.13 6.572c-.02.023-.034.045-.048.072-.053.09-.082.188-.082.3 0 .108.029.211.082.297.014.027.033.049.053.076l3.793 5.346c.058.085.072.108.077.108.01.013.024.036.048.063.12.152.419.466.847.466h3.5L3.693 6.752z\" transform=\"translate(-1370 -545) translate(915 473) translate(47 54.5) matrix(-1 0 0 1 418 17.5)\"><\/path><\/g><\/g><\/g><\/g><\/g><\/svg>\t\t\t\t\t\t<\/span>\n\t\t\t\t\t\t\t\t\t\t<span class=\"elementor-icon-list-text\">\u05d7\u05e9\u05d1\u05d5\u05e0\u05d0\u05d5\u05ea<\/span>\n\t\t\t\t\t\t\t\t\t<\/li>\n\t\t\t\t\t\t\t\t<li class=\"elementor-icon-list-item\">\n\t\t\t\t\t\t\t\t\t\t\t<span class=\"elementor-icon-list-icon\">\n\t\t\t\t\t\t\t<svg xmlns=\"http:\/\/www.w3.org\/2000\/svg\" width=\"10\" height=\"14\" viewbox=\"0 0 10 14\"><g fill=\"none\" fill-rule=\"evenodd\"><g fill=\"#41BAC6\" fill-rule=\"nonzero\"><g><g><g><path d=\"M4.83 6.3S2.77 3.39 3.777 1.86l.84-1.275S4.962 0 5.542 0H9.1L4.83 6.3zM3.693 6.752c-.024-.032-.544-.736-.938-1.637-.264-.597-.413-1.135-.447-1.615L.13 6.572c-.02.023-.034.045-.048.072-.053.09-.082.188-.082.3 0 .108.029.211.082.297.014.027.033.049.053.076l3.793 5.346c.058.085.072.108.077.108.01.013.024.036.048.063.12.152.419.466.847.466h3.5L3.693 6.752z\" transform=\"translate(-1370 -545) translate(915 473) translate(47 54.5) matrix(-1 0 0 1 418 17.5)\"><\/path><\/g><\/g><\/g><\/g><\/g><\/svg>\t\t\t\t\t\t<\/span>\n\t\t\t\t\t\t\t\t\t\t<span class=\"elementor-icon-list-text\">\u05de\u05d9\u05e7\u05d5\u05e8 \u05d7\u05d5\u05e5<\/span>\n\t\t\t\t\t\t\t\t\t<\/li>\n\t\t\t\t\t\t\t\t<li class=\"elementor-icon-list-item\">\n\t\t\t\t\t\t\t\t\t\t\t<span class=\"elementor-icon-list-icon\">\n\t\t\t\t\t\t\t<svg xmlns=\"http:\/\/www.w3.org\/2000\/svg\" width=\"10\" height=\"14\" viewbox=\"0 0 10 14\"><g fill=\"none\" fill-rule=\"evenodd\"><g fill=\"#41BAC6\" fill-rule=\"nonzero\"><g><g><g><path d=\"M4.83 6.3S2.77 3.39 3.777 1.86l.84-1.275S4.962 0 5.542 0H9.1L4.83 6.3zM3.693 6.752c-.024-.032-.544-.736-.938-1.637-.264-.597-.413-1.135-.447-1.615L.13 6.572c-.02.023-.034.045-.048.072-.053.09-.082.188-.082.3 0 .108.029.211.082.297.014.027.033.049.053.076l3.793 5.346c.058.085.072.108.077.108.01.013.024.036.048.063.12.152.419.466.847.466h3.5L3.693 6.752z\" transform=\"translate(-1370 -545) translate(915 473) translate(47 54.5) matrix(-1 0 0 1 418 17.5)\"><\/path><\/g><\/g><\/g><\/g><\/g><\/svg>\t\t\t\t\t\t<\/span>\n\t\t\t\t\t\t\t\t\t\t<span class=\"elementor-icon-list-text\">\u05d9\u05d9\u05e2\u05d5\u05e5<\/span>\n\t\t\t\t\t\t\t\t\t<\/li>\n\t\t\t\t\t\t<\/ul>\n\t\t\t\t\t\t<\/div>\n\t\t\t\t<\/div>\n\t\t\t\t<div class=\"elementor-element elementor-element-e5c8ef3 elementor-widget lastudio-kit elementor-lakit-button\" data-id=\"e5c8ef3\" data-element_type=\"widget\" data-e-type=\"widget\" data-widget_type=\"lakit-button.default\">\n\t\t\t\t\t        <a href=\"\/he\/conoce-tus-oportunidades\/\" class=\"elementor-button-link elementor-button elementor-btn-align-icon-right elementor-size-sm\" role=\"button\">\n                    <span class=\"elementor-button-content-wrapper\">\n\t\t\t                <span class=\"elementor-button-icon\">\n\t\t\t\t<svg xmlns=\"http:\/\/www.w3.org\/2000\/svg\" width=\"10\" height=\"14\" viewbox=\"0 0 10 14\"><g fill=\"none\" fill-rule=\"evenodd\"><g fill=\"#EA5B0B\" fill-rule=\"nonzero\"><g><g><path d=\"M4.83 6.3S2.77 3.39 3.777 1.86l.84-1.275S4.962 0 5.542 0H9.1L4.83 6.3zM3.693 6.752c-.024-.032-.544-.736-.938-1.637-.264-.597-.413-1.135-.447-1.615L.13 6.572c-.02.023-.034.045-.048.072-.053.09-.082.188-.082.3 0 .108.029.211.082.297.014.027.033.049.053.076l3.793 5.346c.058.085.072.108.077.108.01.013.024.036.048.063.12.152.419.466.847.466h3.5L3.693 6.752z\" transform=\"translate(-374 -873) translate(56 590) matrix(-1 0 0 1 328 283)\"><\/path><\/g><\/g><\/g><\/g><\/svg>\t\t\t<\/span>\n            \t\t\t<span class=\"elementor-button-text\">\u05d9\u05d5\u05d3\u05e2 \u05d0\u05ea \u05d4\u05d4\u05d6\u05d3\u05de\u05e0\u05d5\u05d9\u05d5\u05ea \u05e9\u05dc\u05da <\/span>\n\t\t<\/span>\n                <\/a>\n        \t\t\t\t<\/div>\n\t\t\t\t\t<\/div>\n\t\t<\/div>\n\t\t\t\t<div class=\"elementor-column elementor-col-50 elementor-inner-column elementor-element elementor-element-1786ca5 lakit-col-width-auto-no\" data-id=\"1786ca5\" data-element_type=\"column\" data-e-type=\"column\">\n\t\t\t<div class=\"elementor-widget-wrap elementor-element-populated\">\n\t\t\t\t\t\t<div class=\"elementor-element elementor-element-488a280 elementor-widget elementor-widget-image\" data-id=\"488a280\" data-element_type=\"widget\" data-e-type=\"widget\" data-widget_type=\"image.default\">\n\t\t\t\t<div class=\"elementor-widget-container\">\n\t\t\t\t\t\t\t\t\t\t\t\t\t\t\t<img fetchpriority=\"high\" decoding=\"async\" width=\"1000\" height=\"282\" src=\"https:\/\/krestonatcchile.com\/wp-content\/uploads\/2023\/02\/img-unete-kreston-e1759346518942.jpg\" class=\"attachment-full size-full wp-image-1495\" alt=\"\" srcset=\"https:\/\/krestonatcchile.com\/wp-content\/uploads\/2023\/02\/img-unete-kreston-e1759346518942.jpg 1000w, https:\/\/krestonatcchile.com\/wp-content\/uploads\/2023\/02\/img-unete-kreston-e1759346518942-300x85.jpg 300w, https:\/\/krestonatcchile.com\/wp-content\/uploads\/2023\/02\/img-unete-kreston-e1759346518942-768x217.jpg 768w, https:\/\/krestonatcchile.com\/wp-content\/uploads\/2023\/02\/img-unete-kreston-e1759346518942-18x5.jpg 18w\" sizes=\"(max-width: 1000px) 100vw, 1000px\" \/>\t\t\t\t\t\t\t\t\t\t\t\t\t\t\t<\/div>\n\t\t\t\t<\/div>\n\t\t\t\t\t<\/div>\n\t\t<\/div>\n\t\t\t\t\t<\/div>\n\t\t<\/section>\n\t\t\t\t<div class=\"elementor-element elementor-element-be72277 elementor-widget elementor-widget-image\" data-id=\"be72277\" data-element_type=\"widget\" data-e-type=\"widget\" data-widget_type=\"image.default\">\n\t\t\t\t<div class=\"elementor-widget-container\">\n\t\t\t\t\t\t\t\t\t\t\t\t<figure class=\"wp-caption\">\n\t\t\t\t\t\t\t\t\t\t<img decoding=\"async\" src=\"https:\/\/krestonatcchile.com\/wp-content\/uploads\/elementor\/thumbs\/Acompanamos-las-necesidades-de-tu-negocio-5-r03cv48l1swsny70dy9px2538qpbn9cvheqnsn1qjk.png\" title=\"Acompan\u0303amos las necesidades de tu negocio (5)\" alt=\"Acompan\u0303amos las necesidades de tu negocio (5)\" loading=\"lazy\" \/>\t\t\t\t\t\t\t\t\t\t\t<figcaption class=\"widget-image-caption wp-caption-text\">Vacantes v\u00e1lida des de el 12 de enero del 2025<\/figcaption>\n\t\t\t\t\t\t\t\t\t\t<\/figure>\n\t\t\t\t\t\t\t\t\t<\/div>\n\t\t\t\t<\/div>\n\t\t\t\t\t<\/div>\n\t\t<\/div>\n\t\t\t\t\t<\/div>\n\t\t<\/section>\n\t\t\t\t<\/div>","protected":false},"excerpt":{"rendered":"<p>Trabaja en Kreston ATC Chile \u00danete a Kreston ATC Chile Kreston ATC Chile es parte de la red internacional Kreston Global, una firma de que entrega servicios de Auditor\u00eda y Aseguramiento, Impuestos, Contabilidad, Consultor\u00eda y Outsourcing, cuyo objetivo es apoyar a nuestros clientes a tener \u00e9xito en cada pa\u00eds o mercado en el que elijan [&hellip;]<\/p>\n","protected":false},"author":1,"featured_media":0,"parent":0,"menu_order":0,"comment_status":"closed","ping_status":"closed","template":"elementor_header_footer","meta":{"om_disable_all_campaigns":false,"_monsterinsights_skip_tracking":false,"_monsterinsights_sitenote_active":false,"_monsterinsights_sitenote_note":"","_monsterinsights_sitenote_category":0,"_uf_show_specific_survey":0,"_uf_disable_surveys":false,"footnotes":""},"class_list":["post-1373","page","type-page","status-publish","hentry"],"aioseo_notices":[],"_links":{"self":[{"href":"https:\/\/krestonatcchile.com\/he\/wp-json\/wp\/v2\/pages\/1373","targetHints":{"allow":["GET"]}}],"collection":[{"href":"https:\/\/krestonatcchile.com\/he\/wp-json\/wp\/v2\/pages"}],"about":[{"href":"https:\/\/krestonatcchile.com\/he\/wp-json\/wp\/v2\/types\/page"}],"author":[{"embeddable":true,"href":"https:\/\/krestonatcchile.com\/he\/wp-json\/wp\/v2\/users\/1"}],"replies":[{"embeddable":true,"href":"https:\/\/krestonatcchile.com\/he\/wp-json\/wp\/v2\/comments?post=1373"}],"version-history":[{"count":74,"href":"https:\/\/krestonatcchile.com\/he\/wp-json\/wp\/v2\/pages\/1373\/revisions"}],"predecessor-version":[{"id":3029,"href":"https:\/\/krestonatcchile.com\/he\/wp-json\/wp\/v2\/pages\/1373\/revisions\/3029"}],"wp:attachment":[{"href":"https:\/\/krestonatcchile.com\/he\/wp-json\/wp\/v2\/media?parent=1373"}],"curies":[{"name":"wp","href":"https:\/\/api.w.org\/{rel}","templated":true}]}}