{"id":1401,"date":"2023-02-08T22:55:18","date_gmt":"2023-02-09T01:55:18","guid":{"rendered":"https:\/\/krestoncl.diseno.tecnoweb.net\/?page_id=1401"},"modified":"2023-12-01T14:31:45","modified_gmt":"2023-12-01T17:31:45","slug":"conoce-tus-oportunidades","status":"publish","type":"page","link":"https:\/\/krestonatcchile.com\/fr\/conoce-tus-oportunidades\/","title":{"rendered":"Conna\u00eetre vos possibilit\u00e9s"},"content":{"rendered":"<div data-elementor-type=\"wp-page\" data-elementor-id=\"1401\" class=\"elementor elementor-1401\">\n\t\t\t\t\t\t<section class=\"elementor-section elementor-top-section elementor-element elementor-element-3df2ca5 elementor-section-full_width elementor-section-height-min-height elementor-section-height-default elementor-section-items-middle e-parent\" data-id=\"3df2ca5\" data-element_type=\"section\" data-e-type=\"section\" data-settings=\"{&quot;background_background&quot;:&quot;classic&quot;}\">\n\t\t\t\t\t\t<div class=\"elementor-container elementor-column-gap-default\">\n\t\t\t\t\t<div class=\"elementor-column elementor-col-100 elementor-top-column elementor-element elementor-element-6bf58ee lakit-col-width-auto-no\" data-id=\"6bf58ee\" data-element_type=\"column\" data-e-type=\"column\">\n\t\t\t<div class=\"elementor-widget-wrap elementor-element-populated\">\n\t\t\t\t\t\t<section class=\"elementor-section elementor-inner-section elementor-element elementor-element-9060ef8 elementor-section-full_width elementor-section-height-min-height elementor-section-height-default\" data-id=\"9060ef8\" data-element_type=\"section\" data-e-type=\"section\">\n\t\t\t\t\t\t<div class=\"elementor-container elementor-column-gap-default\">\n\t\t\t\t\t<div class=\"elementor-column elementor-col-50 elementor-inner-column elementor-element elementor-element-ed76842 lakit-col-width-auto-no\" data-id=\"ed76842\" data-element_type=\"column\" data-e-type=\"column\">\n\t\t\t<div class=\"elementor-widget-wrap\">\n\t\t\t\t\t\t\t<\/div>\n\t\t<\/div>\n\t\t\t\t<div class=\"elementor-column elementor-col-50 elementor-inner-column elementor-element elementor-element-ded7594 lakit-col-width-auto-no\" data-id=\"ded7594\" data-element_type=\"column\" data-e-type=\"column\" data-settings=\"{&quot;background_background&quot;:&quot;classic&quot;}\">\n\t\t\t<div class=\"elementor-widget-wrap elementor-element-populated\">\n\t\t\t\t\t\t<div class=\"elementor-element elementor-element-3c2a981 elementor-widget__width-auto elementor-widget elementor-widget-heading\" data-id=\"3c2a981\" data-element_type=\"widget\" data-e-type=\"widget\" data-widget_type=\"heading.default\">\n\t\t\t\t<div class=\"elementor-widget-container\">\n\t\t\t\t\t<h1 class=\"elementor-heading-title elementor-size-default\">Conna\u00eetre vos possibilit\u00e9s <\/h1>\t\t\t\t<\/div>\n\t\t\t\t<\/div>\n\t\t\t\t\t<\/div>\n\t\t<\/div>\n\t\t\t\t\t<\/div>\n\t\t<\/section>\n\t\t\t\t\t<\/div>\n\t\t<\/div>\n\t\t\t\t\t<\/div>\n\t\t<\/section>\n\t\t\t\t<section class=\"elementor-section elementor-top-section elementor-element elementor-element-f0112a5 elementor-section-boxed elementor-section-height-default elementor-section-height-default e-parent\" data-id=\"f0112a5\" data-element_type=\"section\" data-e-type=\"section\">\n\t\t\t\t\t\t<div class=\"elementor-container elementor-column-gap-default\">\n\t\t\t\t\t<div class=\"elementor-column elementor-col-50 elementor-top-column elementor-element elementor-element-918c7b0 lakit-col-width-auto-no\" data-id=\"918c7b0\" data-element_type=\"column\" data-e-type=\"column\">\n\t\t\t<div class=\"elementor-widget-wrap elementor-element-populated\">\n\t\t\t\t\t\t<div class=\"elementor-element elementor-element-7e885cf lakit-equal-height-disable elementor-widget lastudio-kit elementor-lakit-icon-box\" data-id=\"7e885cf\" data-element_type=\"widget\" data-e-type=\"widget\" data-widget_type=\"lakit-icon-box.default\">\n\t\t\t\t\t<div class=\"lakit-iconbox lakit-iconbox__icon-align- elementor-animation-\"><div class=\"lakit-iconbox__box_body\"><h3 class=\"lakit-iconbox__title\">Senior de Auditor\u00eda <\/h3><div class=\"lakit-iconbox__desc\">Si eres Contador Auditor con experiencia de m\u00e1s de 3 a\u00f1os en firmas de auditor\u00eda externa y quieres unirte a una empresa internacional, postula ahora. \n<\/div><div class=\"lakit-iconbox__button_wrapper disable_hover_button\"><a href=\"https:\/\/www.linkedin.com\/jobs\/view\/3769014192\/\" target=\"_blank\" class=\"elementor-button-link elementor-button elementor-btn-align-icon-\"><span class=\"elementor-button-content-wrapper\"><span class=\"elementor-button-text\">Ver Detalles<\/span><\/span><\/a><\/div><\/div><\/div>\t\t\t\t<\/div>\n\t\t\t\t\t<\/div>\n\t\t<\/div>\n\t\t\t\t<div class=\"elementor-column elementor-col-50 elementor-top-column elementor-element elementor-element-548a99b lakit-col-width-auto-no\" data-id=\"548a99b\" data-element_type=\"column\" data-e-type=\"column\">\n\t\t\t<div class=\"elementor-widget-wrap elementor-element-populated\">\n\t\t\t\t\t\t<div class=\"elementor-element elementor-element-fae8995 lakit-equal-height-disable elementor-widget lastudio-kit elementor-lakit-icon-box\" data-id=\"fae8995\" data-element_type=\"widget\" data-e-type=\"widget\" data-widget_type=\"lakit-icon-box.default\">\n\t\t\t\t\t<div class=\"lakit-iconbox lakit-iconbox__icon-align- elementor-animation-\"><div class=\"lakit-iconbox__box_body\"><h3 class=\"lakit-iconbox__title\">Oportunidad 2<\/h3><div class=\"lakit-iconbox__desc\">We bring the right people together to challenge established thinking and drive transform in 2021<\/div><div class=\"lakit-iconbox__button_wrapper disable_hover_button\"><a href=\"#\" class=\"elementor-button-link elementor-button elementor-btn-align-icon-\"><span class=\"elementor-button-content-wrapper\"><span class=\"elementor-button-text\">Ver Detalles<\/span><\/span><\/a><\/div><\/div><\/div>\t\t\t\t<\/div>\n\t\t\t\t\t<\/div>\n\t\t<\/div>\n\t\t\t\t\t<\/div>\n\t\t<\/section>\n\t\t\t\t<section class=\"elementor-section elementor-top-section elementor-element elementor-element-fe071a3 elementor-section-boxed elementor-section-height-default elementor-section-height-default e-parent\" data-id=\"fe071a3\" data-element_type=\"section\" data-e-type=\"section\">\n\t\t\t\t\t\t<div class=\"elementor-container elementor-column-gap-default\">\n\t\t\t\t\t<div class=\"elementor-column elementor-col-100 elementor-top-column elementor-element elementor-element-f2bda30 lakit-col-width-auto-no\" data-id=\"f2bda30\" data-element_type=\"column\" data-e-type=\"column\">\n\t\t\t<div class=\"elementor-widget-wrap elementor-element-populated\">\n\t\t\t\t\t\t<div class=\"elementor-element elementor-element-deca4c4 elementor-widget elementor-widget-text-editor\" data-id=\"deca4c4\" data-element_type=\"widget\" data-e-type=\"widget\" data-widget_type=\"text-editor.default\">\n\t\t\t\t<div class=\"elementor-widget-container\">\n\t\t\t\t\t\t\t\t\t<p>\u00danete a Kreston ATC Chile. Te invitamos a postular enviando tus antecedentes a <a href=\"mailto:postulaciones@krestonatcchile.com\">postulaciones@krestonatcchile.com<\/a> indicando tus pretensiones de renta. \u00a1Te esperamos!<\/p>\t\t\t\t\t\t\t\t<\/div>\n\t\t\t\t<\/div>\n\t\t\t\t\t<\/div>\n\t\t<\/div>\n\t\t\t\t\t<\/div>\n\t\t<\/section>\n\t\t\t\t<\/div>","protected":false},"excerpt":{"rendered":"<p>Conoce tus oportunidades Senior de Auditor\u00eda Si eres Contador Auditor con experiencia de m\u00e1s de 3 a\u00f1os en firmas de auditor\u00eda externa y quieres unirte a una empresa internacional, postula ahora. Ver Detalles Oportunidad 2 We bring the right people together to challenge established thinking and drive transform in 2021Ver Detalles \u00danete a Kreston ATC [&hellip;]<\/p>\n","protected":false},"author":1,"featured_media":0,"parent":0,"menu_order":0,"comment_status":"closed","ping_status":"closed","template":"elementor_header_footer","meta":{"om_disable_all_campaigns":false,"_monsterinsights_skip_tracking":false,"_monsterinsights_sitenote_active":false,"_monsterinsights_sitenote_note":"","_monsterinsights_sitenote_category":0,"_uf_show_specific_survey":0,"_uf_disable_surveys":false,"footnotes":""},"class_list":["post-1401","page","type-page","status-publish","hentry"],"aioseo_notices":[],"_links":{"self":[{"href":"https:\/\/krestonatcchile.com\/fr\/wp-json\/wp\/v2\/pages\/1401","targetHints":{"allow":["GET"]}}],"collection":[{"href":"https:\/\/krestonatcchile.com\/fr\/wp-json\/wp\/v2\/pages"}],"about":[{"href":"https:\/\/krestonatcchile.com\/fr\/wp-json\/wp\/v2\/types\/page"}],"author":[{"embeddable":true,"href":"https:\/\/krestonatcchile.com\/fr\/wp-json\/wp\/v2\/users\/1"}],"replies":[{"embeddable":true,"href":"https:\/\/krestonatcchile.com\/fr\/wp-json\/wp\/v2\/comments?post=1401"}],"version-history":[{"count":38,"href":"https:\/\/krestonatcchile.com\/fr\/wp-json\/wp\/v2\/pages\/1401\/revisions"}],"predecessor-version":[{"id":2282,"href":"https:\/\/krestonatcchile.com\/fr\/wp-json\/wp\/v2\/pages\/1401\/revisions\/2282"}],"wp:attachment":[{"href":"https:\/\/krestonatcchile.com\/fr\/wp-json\/wp\/v2\/media?parent=1401"}],"curies":[{"name":"wp","href":"https:\/\/api.w.org\/{rel}","templated":true}]}}