{"id":353,"date":"2023-01-13T13:37:14","date_gmt":"2023-01-13T16:37:14","guid":{"rendered":"https:\/\/krestoncl.diseno.tecnoweb.net\/?page_id=353"},"modified":"2024-06-14T10:24:12","modified_gmt":"2024-06-14T14:24:12","slug":"servicios","status":"publish","type":"page","link":"https:\/\/krestonatcchile.com\/en\/servicios\/","title":{"rendered":"Services"},"content":{"rendered":"<div data-elementor-type=\"wp-page\" data-elementor-id=\"353\" class=\"elementor elementor-353\">\n\t\t\t\t\t\t<section class=\"elementor-section elementor-top-section elementor-element elementor-element-73ca332 elementor-section-full_width elementor-section-height-min-height elementor-section-height-default elementor-section-items-middle e-parent\" data-id=\"73ca332\" data-element_type=\"section\" data-e-type=\"section\" data-settings=\"{&quot;background_background&quot;:&quot;classic&quot;}\">\n\t\t\t\t\t\t<div class=\"elementor-container elementor-column-gap-default\">\n\t\t\t\t\t<div class=\"elementor-column elementor-col-100 elementor-top-column elementor-element elementor-element-a436d77 lakit-col-width-auto-no\" data-id=\"a436d77\" data-element_type=\"column\" data-e-type=\"column\">\n\t\t\t<div class=\"elementor-widget-wrap elementor-element-populated\">\n\t\t\t\t\t\t<section class=\"elementor-section elementor-inner-section elementor-element elementor-element-6e960c8 elementor-section-full_width elementor-section-height-min-height elementor-section-height-default\" data-id=\"6e960c8\" data-element_type=\"section\" data-e-type=\"section\">\n\t\t\t\t\t\t<div class=\"elementor-container elementor-column-gap-default\">\n\t\t\t\t\t<div class=\"elementor-column elementor-col-50 elementor-inner-column elementor-element elementor-element-0f72f1d lakit-col-width-auto-no\" data-id=\"0f72f1d\" data-element_type=\"column\" data-e-type=\"column\">\n\t\t\t<div class=\"elementor-widget-wrap\">\n\t\t\t\t\t\t\t<\/div>\n\t\t<\/div>\n\t\t\t\t<div class=\"elementor-column elementor-col-50 elementor-inner-column elementor-element elementor-element-2ec0cac lakit-col-width-auto-no\" data-id=\"2ec0cac\" data-element_type=\"column\" data-e-type=\"column\" data-settings=\"{&quot;background_background&quot;:&quot;classic&quot;}\">\n\t\t\t<div class=\"elementor-widget-wrap elementor-element-populated\">\n\t\t\t\t\t\t<div class=\"elementor-element elementor-element-23b51f2 elementor-widget__width-auto elementor-widget elementor-widget-heading\" data-id=\"23b51f2\" data-element_type=\"widget\" data-e-type=\"widget\" data-widget_type=\"heading.default\">\n\t\t\t\t<div class=\"elementor-widget-container\">\n\t\t\t\t\t<h1 class=\"elementor-heading-title elementor-size-default\">Services<\/h1>\t\t\t\t<\/div>\n\t\t\t\t<\/div>\n\t\t\t\t\t<\/div>\n\t\t<\/div>\n\t\t\t\t\t<\/div>\n\t\t<\/section>\n\t\t\t\t\t<\/div>\n\t\t<\/div>\n\t\t\t\t\t<\/div>\n\t\t<\/section>\n\t\t\t\t<section class=\"elementor-section elementor-top-section elementor-element elementor-element-2135ab5 elementor-section-boxed elementor-section-height-default elementor-section-height-default e-parent\" data-id=\"2135ab5\" data-element_type=\"section\" data-e-type=\"section\">\n\t\t\t\t\t\t<div class=\"elementor-container elementor-column-gap-default\">\n\t\t\t\t\t<div class=\"elementor-column elementor-col-100 elementor-top-column elementor-element elementor-element-068079c lakit-col-width-auto-no\" data-id=\"068079c\" data-element_type=\"column\" data-e-type=\"column\">\n\t\t\t<div class=\"elementor-widget-wrap elementor-element-populated\">\n\t\t\t\t\t\t<div class=\"elementor-element elementor-element-6cffa56 elementor-widget elementor-widget-heading\" data-id=\"6cffa56\" data-element_type=\"widget\" data-e-type=\"widget\" data-widget_type=\"heading.default\">\n\t\t\t\t<div class=\"elementor-widget-container\">\n\t\t\t\t\t<h2 class=\"elementor-heading-title elementor-size-default\">A Service is Personal and Confidential\n<\/h2>\t\t\t\t<\/div>\n\t\t\t\t<\/div>\n\t\t\t\t<div class=\"elementor-element elementor-element-61e3696 elementor-widget elementor-widget-text-editor\" data-id=\"61e3696\" data-element_type=\"widget\" data-e-type=\"widget\" data-widget_type=\"text-editor.default\">\n\t\t\t\t<div class=\"elementor-widget-container\">\n\t\t\t\t\t\t\t\t\tWe are committed to providing high-quality services that add value to our customers.\n\n\t\t\t\t\t\t\t\t<\/div>\n\t\t\t\t<\/div>\n\t\t\t\t<section class=\"elementor-section elementor-inner-section elementor-element elementor-element-42488ef elementor-section-boxed elementor-section-height-default elementor-section-height-default\" data-id=\"42488ef\" data-element_type=\"section\" data-e-type=\"section\">\n\t\t\t\t\t\t<div class=\"elementor-container elementor-column-gap-default\">\n\t\t\t\t\t<div class=\"elementor-column elementor-col-50 elementor-inner-column elementor-element elementor-element-106da75 lakit-col-width-auto-no\" data-id=\"106da75\" data-element_type=\"column\" data-e-type=\"column\">\n\t\t\t<div class=\"elementor-widget-wrap elementor-element-populated\">\n\t\t\t\t\t\t<div class=\"elementor-element elementor-element-8227aa2 elementor-widget lastudio-kit elementor-lakit-banner\" data-id=\"8227aa2\" data-element_type=\"widget\" data-e-type=\"widget\" data-widget_type=\"lakit-banner.default\">\n\t\t\t\t\t<figure class=\"lakit-banner lakit-ef-none\"><a href=\"https:\/\/krestonatcchile.com\/en\/auditoria-y-aseguramiento\/\" class=\"lakit-banner__link\" target=\"\" rel=\"\"><div class=\"lakit-banner__overlay\"><\/div><img decoding=\"async\" src=\"https:\/\/krestonatcchile.com\/wp-content\/uploads\/2023\/01\/campaign-creators-pypeCEaJeZY-unsplash.jpg\" alt=\"campaign-creators-pypeCEaJeZY-unsplash\" class=\"lakit-banner__img\"><div class=\"lakit-banner__content\"><div class=\"lakit-banner__content-wrap\"><h4 class=\"lakit-banner__title\">Audit and Assurance<\/h4><\/div><\/div><\/a><\/figure>\n\t\t\t\t<\/div>\n\t\t\t\t\t<\/div>\n\t\t<\/div>\n\t\t\t\t<div class=\"elementor-column elementor-col-50 elementor-inner-column elementor-element elementor-element-ae57c04 lakit-col-width-auto-no\" data-id=\"ae57c04\" data-element_type=\"column\" data-e-type=\"column\">\n\t\t\t<div class=\"elementor-widget-wrap elementor-element-populated\">\n\t\t\t\t\t\t<div class=\"elementor-element elementor-element-bb143b4 elementor-widget lastudio-kit elementor-lakit-banner\" data-id=\"bb143b4\" data-element_type=\"widget\" data-e-type=\"widget\" data-widget_type=\"lakit-banner.default\">\n\t\t\t\t\t<figure class=\"lakit-banner lakit-ef-none\"><a href=\"\/en\/impuestos\/\" class=\"lakit-banner__link\" target=\"\" rel=\"\"><div class=\"lakit-banner__overlay\"><\/div><img decoding=\"async\" src=\"https:\/\/krestonatcchile.com\/wp-content\/uploads\/2023\/01\/2_pexels-rodnae-productions-5915151.jpg\" alt=\"2_pexels-rodnae-productions-5915151\" class=\"lakit-banner__img\"><div class=\"lakit-banner__content\"><div class=\"lakit-banner__content-wrap\"><h4 class=\"lakit-banner__title\">Local taxes and International<\/h4><\/div><\/div><\/a><\/figure>\n\t\t\t\t<\/div>\n\t\t\t\t\t<\/div>\n\t\t<\/div>\n\t\t\t\t\t<\/div>\n\t\t<\/section>\n\t\t\t\t<section class=\"elementor-section elementor-inner-section elementor-element elementor-element-57df14e elementor-section-boxed elementor-section-height-default elementor-section-height-default\" data-id=\"57df14e\" data-element_type=\"section\" data-e-type=\"section\">\n\t\t\t\t\t\t<div class=\"elementor-container elementor-column-gap-default\">\n\t\t\t\t\t<div class=\"elementor-column elementor-col-50 elementor-inner-column elementor-element elementor-element-4d52c40 lakit-col-width-auto-no\" data-id=\"4d52c40\" data-element_type=\"column\" data-e-type=\"column\">\n\t\t\t<div class=\"elementor-widget-wrap elementor-element-populated\">\n\t\t\t\t\t\t<div class=\"elementor-element elementor-element-40c284a elementor-widget lastudio-kit elementor-lakit-banner\" data-id=\"40c284a\" data-element_type=\"widget\" data-e-type=\"widget\" data-widget_type=\"lakit-banner.default\">\n\t\t\t\t\t<figure class=\"lakit-banner lakit-ef-none\"><a href=\"https:\/\/krestonatcchile.com\/en\/servicios\/auditoria-interna-y-forense\/\" class=\"lakit-banner__link\" target=\"\" rel=\"\"><div class=\"lakit-banner__overlay\"><\/div><img decoding=\"async\" src=\"https:\/\/krestonatcchile.com\/wp-content\/uploads\/2024\/05\/Diseno-sin-titulo-6.png\" alt=\"Disen\u0303o sin ti\u0301tulo (6)\" class=\"lakit-banner__img\"><div class=\"lakit-banner__content\"><div class=\"lakit-banner__content-wrap\"><h4 class=\"lakit-banner__title\">Auditor\u00eda Interna y Forense<\/h4><\/div><\/div><\/a><\/figure>\n\t\t\t\t<\/div>\n\t\t\t\t\t<\/div>\n\t\t<\/div>\n\t\t\t\t<div class=\"elementor-column elementor-col-50 elementor-inner-column elementor-element elementor-element-39b7579 lakit-col-width-auto-no\" data-id=\"39b7579\" data-element_type=\"column\" data-e-type=\"column\">\n\t\t\t<div class=\"elementor-widget-wrap elementor-element-populated\">\n\t\t\t\t\t\t<div class=\"elementor-element elementor-element-f7ba08a elementor-widget lastudio-kit elementor-lakit-banner\" data-id=\"f7ba08a\" data-element_type=\"widget\" data-e-type=\"widget\" data-widget_type=\"lakit-banner.default\">\n\t\t\t\t\t<figure class=\"lakit-banner lakit-ef-none\"><a href=\"\/en\/gestion-de-riesgo-y-compliance\/\" class=\"lakit-banner__link\" target=\"\" rel=\"\"><div class=\"lakit-banner__overlay\"><\/div><img decoding=\"async\" src=\"https:\/\/krestonatcchile.com\/wp-content\/uploads\/2024\/05\/Diseno-sin-titulo-5.png\" alt=\"Disen\u0303o sin ti\u0301tulo (5)\" class=\"lakit-banner__img\"><div class=\"lakit-banner__content\"><div class=\"lakit-banner__content-wrap\"><h4 class=\"lakit-banner__title\">Gesti\u00f3n de Riesgo y Compliance<\/h4><div class=\"lakit-banner__text\">\n<\/div><\/div><\/div><\/a><\/figure>\n\t\t\t\t<\/div>\n\t\t\t\t\t<\/div>\n\t\t<\/div>\n\t\t\t\t\t<\/div>\n\t\t<\/section>\n\t\t\t\t<section class=\"elementor-section elementor-inner-section elementor-element elementor-element-8e58e06 elementor-section-boxed elementor-section-height-default elementor-section-height-default\" data-id=\"8e58e06\" data-element_type=\"section\" data-e-type=\"section\">\n\t\t\t\t\t\t<div class=\"elementor-container elementor-column-gap-default\">\n\t\t\t\t\t<div class=\"elementor-column elementor-col-50 elementor-inner-column elementor-element elementor-element-8321510 lakit-col-width-auto-no\" data-id=\"8321510\" data-element_type=\"column\" data-e-type=\"column\">\n\t\t\t<div class=\"elementor-widget-wrap elementor-element-populated\">\n\t\t\t\t\t\t<div class=\"elementor-element elementor-element-cf9644e elementor-widget lastudio-kit elementor-lakit-banner\" data-id=\"cf9644e\" data-element_type=\"widget\" data-e-type=\"widget\" data-widget_type=\"lakit-banner.default\">\n\t\t\t\t\t<figure class=\"lakit-banner lakit-ef-none\"><a href=\"\/en\/contabilidad\/\" class=\"lakit-banner__link\" target=\"\" rel=\"\"><div class=\"lakit-banner__overlay\"><\/div><img decoding=\"async\" src=\"https:\/\/krestonatcchile.com\/wp-content\/uploads\/2023\/01\/2_pexels-karolina-grabowska-7877023.jpg\" alt=\"2_pexels-karolina-grabowska-7877023\" class=\"lakit-banner__img\"><div class=\"lakit-banner__content\"><div class=\"lakit-banner__content-wrap\"><h4 class=\"lakit-banner__title\">Accounting<\/h4><\/div><\/div><\/a><\/figure>\n\t\t\t\t<\/div>\n\t\t\t\t\t<\/div>\n\t\t<\/div>\n\t\t\t\t<div class=\"elementor-column elementor-col-50 elementor-inner-column elementor-element elementor-element-260bf06 lakit-col-width-auto-no\" data-id=\"260bf06\" data-element_type=\"column\" data-e-type=\"column\">\n\t\t\t<div class=\"elementor-widget-wrap elementor-element-populated\">\n\t\t\t\t\t\t<div class=\"elementor-element elementor-element-b473aee elementor-widget lastudio-kit elementor-lakit-banner\" data-id=\"b473aee\" data-element_type=\"widget\" data-e-type=\"widget\" data-widget_type=\"lakit-banner.default\">\n\t\t\t\t\t<figure class=\"lakit-banner lakit-ef-none\"><a href=\"\/en\/outsourcing%20\/\" class=\"lakit-banner__link\" target=\"\" rel=\"\"><div class=\"lakit-banner__overlay\"><\/div><img decoding=\"async\" src=\"https:\/\/krestonatcchile.com\/wp-content\/uploads\/2023\/01\/services_linkedin-sales-solutions-u3hmzw5U-SI-unsplash.jpg\" alt=\"services_linkedin-sales-solutions-u3hmzw5U-SI-unsplash\" class=\"lakit-banner__img\"><div class=\"lakit-banner__content\"><div class=\"lakit-banner__content-wrap\"><h4 class=\"lakit-banner__title\">Outsourcing<\/h4><\/div><\/div><\/a><\/figure>\n\t\t\t\t<\/div>\n\t\t\t\t\t<\/div>\n\t\t<\/div>\n\t\t\t\t\t<\/div>\n\t\t<\/section>\n\t\t\t\t<section class=\"elementor-section elementor-inner-section elementor-element elementor-element-5c5e641 elementor-section-boxed elementor-section-height-default elementor-section-height-default\" data-id=\"5c5e641\" data-element_type=\"section\" data-e-type=\"section\">\n\t\t\t\t\t\t<div class=\"elementor-container elementor-column-gap-default\">\n\t\t\t\t\t<div class=\"elementor-column elementor-col-50 elementor-inner-column elementor-element elementor-element-afac0b0 lakit-col-width-auto-no\" data-id=\"afac0b0\" data-element_type=\"column\" data-e-type=\"column\">\n\t\t\t<div class=\"elementor-widget-wrap elementor-element-populated\">\n\t\t\t\t\t\t<div class=\"elementor-element elementor-element-a41c602 elementor-widget lastudio-kit elementor-lakit-banner\" data-id=\"a41c602\" data-element_type=\"widget\" data-e-type=\"widget\" data-widget_type=\"lakit-banner.default\">\n\t\t\t\t\t<figure class=\"lakit-banner lakit-ef-none\"><a href=\"\/en\/capacitacion-y-comunicacion\/\" class=\"lakit-banner__link\" target=\"\" rel=\"\"><div class=\"lakit-banner__overlay\"><\/div><img decoding=\"async\" src=\"https:\/\/krestonatcchile.com\/wp-content\/uploads\/2024\/05\/Diseno-sin-titulo-6-1.png\" alt=\"Disen\u0303o sin ti\u0301tulo (6)\" class=\"lakit-banner__img\"><div class=\"lakit-banner__content\"><div class=\"lakit-banner__content-wrap\"><h4 class=\"lakit-banner__title\">Capacitaci\u00f3n y Comunicaci\u00f3n<\/h4><div class=\"lakit-banner__text\">\n<\/div><\/div><\/div><\/a><\/figure>\n\t\t\t\t<\/div>\n\t\t\t\t\t<\/div>\n\t\t<\/div>\n\t\t\t\t<div class=\"elementor-column elementor-col-50 elementor-inner-column elementor-element elementor-element-bb3e1d2 lakit-col-width-auto-no\" data-id=\"bb3e1d2\" data-element_type=\"column\" data-e-type=\"column\">\n\t\t\t<div class=\"elementor-widget-wrap elementor-element-populated\">\n\t\t\t\t\t\t<div class=\"elementor-element elementor-element-c79737f elementor-widget lastudio-kit elementor-lakit-banner\" data-id=\"c79737f\" data-element_type=\"widget\" data-e-type=\"widget\" data-widget_type=\"lakit-banner.default\">\n\t\t\t\t\t<figure class=\"lakit-banner lakit-ef-none\"><a href=\"\/en\/contacto\/\" class=\"lakit-banner__link\" target=\"\" rel=\"\"><div class=\"lakit-banner__overlay\"><\/div><img decoding=\"async\" src=\"https:\/\/krestonatcchile.com\/wp-content\/uploads\/2023\/01\/campaign-creators-pypeCEaJeZY-unsplash.jpg\" alt=\"campaign-creators-pypeCEaJeZY-unsplash\" class=\"lakit-banner__img\"><div class=\"lakit-banner__content\"><div class=\"lakit-banner__content-wrap\"><h4 class=\"lakit-banner__title\">Contact<\/h4><div class=\"lakit-banner__text\">Thank you for your contact Kreston ATC Chile. Send us your requirement and we will go to the vocational expert to support you as soon as possible.<br \/><br \/>\n\nCall directly to our central table + 56 2 3210 6611 or send us an email to contacto@krestonatcchile.com \n<\/div><\/div><\/div><\/a><\/figure>\n\t\t\t\t<\/div>\n\t\t\t\t\t<\/div>\n\t\t<\/div>\n\t\t\t\t\t<\/div>\n\t\t<\/section>\n\t\t\t\t\t<\/div>\n\t\t<\/div>\n\t\t\t\t\t<\/div>\n\t\t<\/section>\n\t\t\t\t<\/div>","protected":false},"excerpt":{"rendered":"<p>Servicios Un Servicio Personal y Confidencial Estamos comprometidos a brindar servicios de alta calidad que agreguen valor a nuestros clientes. Auditor\u00eda y Aseguramiento Impuestos Locales e Internacionales Auditor\u00eda Interna y Forense Gesti\u00f3n de Riesgo y Compliance Contabilidad Outsourcing Capacitaci\u00f3n y Comunicaci\u00f3n Contacto Agradecemos tu contacto con Kreston ATC Chile. Env\u00edanos tu requerimiento y lo dirigiremos [&hellip;]<\/p>\n","protected":false},"author":1,"featured_media":0,"parent":0,"menu_order":0,"comment_status":"closed","ping_status":"closed","template":"elementor_header_footer","meta":{"om_disable_all_campaigns":false,"_monsterinsights_skip_tracking":false,"_monsterinsights_sitenote_active":false,"_monsterinsights_sitenote_note":"","_monsterinsights_sitenote_category":0,"_uf_show_specific_survey":0,"_uf_disable_surveys":false,"footnotes":""},"class_list":["post-353","page","type-page","status-publish","hentry"],"aioseo_notices":[],"_links":{"self":[{"href":"https:\/\/krestonatcchile.com\/en\/wp-json\/wp\/v2\/pages\/353","targetHints":{"allow":["GET"]}}],"collection":[{"href":"https:\/\/krestonatcchile.com\/en\/wp-json\/wp\/v2\/pages"}],"about":[{"href":"https:\/\/krestonatcchile.com\/en\/wp-json\/wp\/v2\/types\/page"}],"author":[{"embeddable":true,"href":"https:\/\/krestonatcchile.com\/en\/wp-json\/wp\/v2\/users\/1"}],"replies":[{"embeddable":true,"href":"https:\/\/krestonatcchile.com\/en\/wp-json\/wp\/v2\/comments?post=353"}],"version-history":[{"count":127,"href":"https:\/\/krestonatcchile.com\/en\/wp-json\/wp\/v2\/pages\/353\/revisions"}],"predecessor-version":[{"id":2938,"href":"https:\/\/krestonatcchile.com\/en\/wp-json\/wp\/v2\/pages\/353\/revisions\/2938"}],"wp:attachment":[{"href":"https:\/\/krestonatcchile.com\/en\/wp-json\/wp\/v2\/media?parent=353"}],"curies":[{"name":"wp","href":"https:\/\/api.w.org\/{rel}","templated":true}]}}