{"id":486,"date":"2023-01-13T19:52:18","date_gmt":"2023-01-13T22:52:18","guid":{"rendered":"https:\/\/krestoncl.diseno.tecnoweb.net\/?page_id=486"},"modified":"2025-10-01T16:44:54","modified_gmt":"2025-10-01T19:44:54","slug":"outsourcing","status":"publish","type":"page","link":"https:\/\/krestonatcchile.com\/de\/outsourcing\/","title":{"rendered":"Outsourcing"},"content":{"rendered":"<div data-elementor-type=\"wp-page\" data-elementor-id=\"486\" class=\"elementor elementor-486\">\n\t\t\t\t\t\t<section class=\"elementor-section elementor-top-section elementor-element elementor-element-bcb21b1 elementor-section-full_width elementor-section-height-min-height elementor-section-height-default elementor-section-items-middle e-parent\" data-id=\"bcb21b1\" data-element_type=\"section\" data-e-type=\"section\" data-settings=\"{&quot;background_background&quot;:&quot;classic&quot;}\">\n\t\t\t\t\t\t<div class=\"elementor-container elementor-column-gap-default\">\n\t\t\t\t\t<div class=\"elementor-column elementor-col-100 elementor-top-column elementor-element elementor-element-8a9df98 lakit-col-width-auto-no\" data-id=\"8a9df98\" data-element_type=\"column\" data-e-type=\"column\">\n\t\t\t<div class=\"elementor-widget-wrap elementor-element-populated\">\n\t\t\t\t\t\t<section class=\"elementor-section elementor-inner-section elementor-element elementor-element-f9c6819 elementor-section-full_width elementor-section-height-min-height elementor-section-height-default\" data-id=\"f9c6819\" data-element_type=\"section\" data-e-type=\"section\">\n\t\t\t\t\t\t<div class=\"elementor-container elementor-column-gap-default\">\n\t\t\t\t\t<div class=\"elementor-column elementor-col-50 elementor-inner-column elementor-element elementor-element-b6a4c98 lakit-col-width-auto-no\" data-id=\"b6a4c98\" data-element_type=\"column\" data-e-type=\"column\">\n\t\t\t<div class=\"elementor-widget-wrap\">\n\t\t\t\t\t\t\t<\/div>\n\t\t<\/div>\n\t\t\t\t<div class=\"elementor-column elementor-col-50 elementor-inner-column elementor-element elementor-element-1f2764a lakit-col-width-auto-no\" data-id=\"1f2764a\" data-element_type=\"column\" data-e-type=\"column\" data-settings=\"{&quot;background_background&quot;:&quot;classic&quot;}\">\n\t\t\t<div class=\"elementor-widget-wrap elementor-element-populated\">\n\t\t\t\t\t\t<div class=\"elementor-element elementor-element-2c46ed0 elementor-widget__width-auto elementor-widget elementor-widget-heading\" data-id=\"2c46ed0\" data-element_type=\"widget\" data-e-type=\"widget\" data-widget_type=\"heading.default\">\n\t\t\t\t<div class=\"elementor-widget-container\">\n\t\t\t\t\t<h1 class=\"elementor-heading-title elementor-size-default\">Unsere Dienstleistungen<\/h1>\t\t\t\t<\/div>\n\t\t\t\t<\/div>\n\t\t\t\t\t<\/div>\n\t\t<\/div>\n\t\t\t\t\t<\/div>\n\t\t<\/section>\n\t\t\t\t\t<\/div>\n\t\t<\/div>\n\t\t\t\t\t<\/div>\n\t\t<\/section>\n\t\t\t\t<section class=\"elementor-section elementor-top-section elementor-element elementor-element-1601e85 elementor-section-boxed elementor-section-height-default elementor-section-height-default e-parent\" data-id=\"1601e85\" data-element_type=\"section\" data-e-type=\"section\">\n\t\t\t\t\t\t<div class=\"elementor-container elementor-column-gap-default\">\n\t\t\t\t\t<div class=\"elementor-column elementor-col-50 elementor-top-column elementor-element elementor-element-86c4b10 lakit-col-width-auto-no\" data-id=\"86c4b10\" data-element_type=\"column\" data-e-type=\"column\">\n\t\t\t<div class=\"elementor-widget-wrap elementor-element-populated\">\n\t\t\t\t\t\t<div class=\"elementor-element elementor-element-5f9c039 elementor-widget elementor-widget-heading\" data-id=\"5f9c039\" data-element_type=\"widget\" data-e-type=\"widget\" data-widget_type=\"heading.default\">\n\t\t\t\t<div class=\"elementor-widget-container\">\n\t\t\t\t\t<h2 class=\"elementor-heading-title elementor-size-default\">Outsourcing \u200b<\/h2>\t\t\t\t<\/div>\n\t\t\t\t<\/div>\n\t\t\t\t<div class=\"elementor-element elementor-element-2be589e elementor-widget elementor-widget-text-editor\" data-id=\"2be589e\" data-element_type=\"widget\" data-e-type=\"widget\" data-widget_type=\"text-editor.default\">\n\t\t\t\t<div class=\"elementor-widget-container\">\n\t\t\t\t\t\t\t\t\t<p>Heute ist es immer h\u00e4ufiger zu bieten business-services ausgelagert Organisationen zur Minimierung der Betriebskosten und Maximierung der Effizienz der organisatorischen T\u00e4tigkeit.<\/p>\t\t\t\t\t\t\t\t<\/div>\n\t\t\t\t<\/div>\n\t\t\t\t<div class=\"elementor-element elementor-element-d2bc574 elementor-widget elementor-widget-text-editor\" data-id=\"d2bc574\" data-element_type=\"widget\" data-e-type=\"widget\" data-widget_type=\"text-editor.default\">\n\t\t\t\t<div class=\"elementor-widget-container\">\n\t\t\t\t\t\t\t\t\t<p>Die Technologie beschleunigt sich in diesem Bereich und Kreston ATC Chile hat Erfahrung in der Verwendung von technologischen Innovationen zu gew\u00e4hrleisten die Sicherheit der Daten, die in viele business operations sub-contractors, und in vielen L\u00e4ndern und Regionen.<\/p><p>Wir auch partner mit einer Vielzahl von Dienstleistern zur Verbesserung dieser Dienste. Kreston ATC Chile bietet eine Vielzahl von outsourcing-Dienstleistungen, die einschlie\u00dfen:<\/p>\t\t\t\t\t\t\t\t<\/div>\n\t\t\t\t<\/div>\n\t\t\t\t<div class=\"elementor-element elementor-element-478e5bb elementor-align-start elementor-icon-list--layout-traditional elementor-list-item-link-full_width elementor-widget elementor-widget-icon-list\" data-id=\"478e5bb\" data-element_type=\"widget\" data-e-type=\"widget\" data-widget_type=\"icon-list.default\">\n\t\t\t\t<div class=\"elementor-widget-container\">\n\t\t\t\t\t\t\t<ul class=\"elementor-icon-list-items\">\n\t\t\t\t\t\t\t<li class=\"elementor-icon-list-item\">\n\t\t\t\t\t\t\t\t\t\t\t<span class=\"elementor-icon-list-icon\">\n\t\t\t\t\t\t\t<svg xmlns=\"http:\/\/www.w3.org\/2000\/svg\" width=\"10\" height=\"14\" viewbox=\"0 0 10 14\"><g fill=\"none\" fill-rule=\"evenodd\"><g fill=\"#41BAC6\" fill-rule=\"nonzero\"><g><g><g><path d=\"M4.83 6.3S2.77 3.39 3.777 1.86l.84-1.275S4.962 0 5.542 0H9.1L4.83 6.3zM3.693 6.752c-.024-.032-.544-.736-.938-1.637-.264-.597-.413-1.135-.447-1.615L.13 6.572c-.02.023-.034.045-.048.072-.053.09-.082.188-.082.3 0 .108.029.211.082.297.014.027.033.049.053.076l3.793 5.346c.058.085.072.108.077.108.01.013.024.036.048.063.12.152.419.466.847.466h3.5L3.693 6.752z\" transform=\"translate(-1370 -545) translate(915 473) translate(47 54.5) matrix(-1 0 0 1 418 17.5)\"><\/path><\/g><\/g><\/g><\/g><\/g><\/svg>\t\t\t\t\t\t<\/span>\n\t\t\t\t\t\t\t\t\t\t<span class=\"elementor-icon-list-text\">Buchhaltung outsourcing<\/span>\n\t\t\t\t\t\t\t\t\t<\/li>\n\t\t\t\t\t\t\t\t<li class=\"elementor-icon-list-item\">\n\t\t\t\t\t\t\t\t\t\t\t<span class=\"elementor-icon-list-icon\">\n\t\t\t\t\t\t\t<svg xmlns=\"http:\/\/www.w3.org\/2000\/svg\" width=\"10\" height=\"14\" viewbox=\"0 0 10 14\"><g fill=\"none\" fill-rule=\"evenodd\"><g fill=\"#41BAC6\" fill-rule=\"nonzero\"><g><g><g><path d=\"M4.83 6.3S2.77 3.39 3.777 1.86l.84-1.275S4.962 0 5.542 0H9.1L4.83 6.3zM3.693 6.752c-.024-.032-.544-.736-.938-1.637-.264-.597-.413-1.135-.447-1.615L.13 6.572c-.02.023-.034.045-.048.072-.053.09-.082.188-.082.3 0 .108.029.211.082.297.014.027.033.049.053.076l3.793 5.346c.058.085.072.108.077.108.01.013.024.036.048.063.12.152.419.466.847.466h3.5L3.693 6.752z\" transform=\"translate(-1370 -545) translate(915 473) translate(47 54.5) matrix(-1 0 0 1 418 17.5)\"><\/path><\/g><\/g><\/g><\/g><\/g><\/svg>\t\t\t\t\t\t<\/span>\n\t\t\t\t\t\t\t\t\t\t<span class=\"elementor-icon-list-text\">Die Abrechnung f\u00fcr Partner und roll-private<\/span>\n\t\t\t\t\t\t\t\t\t<\/li>\n\t\t\t\t\t\t\t\t<li class=\"elementor-icon-list-item\">\n\t\t\t\t\t\t\t\t\t\t\t<span class=\"elementor-icon-list-icon\">\n\t\t\t\t\t\t\t<svg xmlns=\"http:\/\/www.w3.org\/2000\/svg\" width=\"10\" height=\"14\" viewbox=\"0 0 10 14\"><g fill=\"none\" fill-rule=\"evenodd\"><g fill=\"#41BAC6\" fill-rule=\"nonzero\"><g><g><g><path d=\"M4.83 6.3S2.77 3.39 3.777 1.86l.84-1.275S4.962 0 5.542 0H9.1L4.83 6.3zM3.693 6.752c-.024-.032-.544-.736-.938-1.637-.264-.597-.413-1.135-.447-1.615L.13 6.572c-.02.023-.034.045-.048.072-.053.09-.082.188-.082.3 0 .108.029.211.082.297.014.027.033.049.053.076l3.793 5.346c.058.085.072.108.077.108.01.013.024.036.048.063.12.152.419.466.847.466h3.5L3.693 6.752z\" transform=\"translate(-1370 -545) translate(915 473) translate(47 54.5) matrix(-1 0 0 1 418 17.5)\"><\/path><\/g><\/g><\/g><\/g><\/g><\/svg>\t\t\t\t\t\t<\/span>\n\t\t\t\t\t\t\t\t\t\t<span class=\"elementor-icon-list-text\">Outsourcing von Konten<\/span>\n\t\t\t\t\t\t\t\t\t<\/li>\n\t\t\t\t\t\t\t\t<li class=\"elementor-icon-list-item\">\n\t\t\t\t\t\t\t\t\t\t\t<span class=\"elementor-icon-list-icon\">\n\t\t\t\t\t\t\t<svg xmlns=\"http:\/\/www.w3.org\/2000\/svg\" width=\"10\" height=\"14\" viewbox=\"0 0 10 14\"><g fill=\"none\" fill-rule=\"evenodd\"><g fill=\"#41BAC6\" fill-rule=\"nonzero\"><g><g><g><path d=\"M4.83 6.3S2.77 3.39 3.777 1.86l.84-1.275S4.962 0 5.542 0H9.1L4.83 6.3zM3.693 6.752c-.024-.032-.544-.736-.938-1.637-.264-.597-.413-1.135-.447-1.615L.13 6.572c-.02.023-.034.045-.048.072-.053.09-.082.188-.082.3 0 .108.029.211.082.297.014.027.033.049.053.076l3.793 5.346c.058.085.072.108.077.108.01.013.024.036.048.063.12.152.419.466.847.466h3.5L3.693 6.752z\" transform=\"translate(-1370 -545) translate(915 473) translate(47 54.5) matrix(-1 0 0 1 418 17.5)\"><\/path><\/g><\/g><\/g><\/g><\/g><\/svg>\t\t\t\t\t\t<\/span>\n\t\t\t\t\t\t\t\t\t\t<span class=\"elementor-icon-list-text\">B\u00fcroservice-business-Vertrag, einschlie\u00dflich der Bildung von Unternehmen.<\/span>\n\t\t\t\t\t\t\t\t\t<\/li>\n\t\t\t\t\t\t<\/ul>\n\t\t\t\t\t\t<\/div>\n\t\t\t\t<\/div>\n\t\t\t\t\t<\/div>\n\t\t<\/div>\n\t\t\t\t<div class=\"elementor-column elementor-col-50 elementor-top-column elementor-element elementor-element-e302d43 lakit-col-width-auto-no\" data-id=\"e302d43\" data-element_type=\"column\" data-e-type=\"column\">\n\t\t\t<div class=\"elementor-widget-wrap elementor-element-populated\">\n\t\t\t\t\t\t<div class=\"elementor-element elementor-element-79824df elementor-widget elementor-widget-image\" data-id=\"79824df\" data-element_type=\"widget\" data-e-type=\"widget\" data-widget_type=\"image.default\">\n\t\t\t\t<div class=\"elementor-widget-container\">\n\t\t\t\t\t\t\t\t\t\t\t\t\t\t\t<img fetchpriority=\"high\" decoding=\"async\" width=\"800\" height=\"1200\" src=\"https:\/\/krestonatcchile.com\/wp-content\/uploads\/2023\/03\/2-women-talking-salmon-portrait-Sept-2021.jpg\" class=\"attachment-full size-full wp-image-1792\" alt=\"\" srcset=\"https:\/\/krestonatcchile.com\/wp-content\/uploads\/2023\/03\/2-women-talking-salmon-portrait-Sept-2021.jpg 800w, https:\/\/krestonatcchile.com\/wp-content\/uploads\/2023\/03\/2-women-talking-salmon-portrait-Sept-2021-200x300.jpg 200w, https:\/\/krestonatcchile.com\/wp-content\/uploads\/2023\/03\/2-women-talking-salmon-portrait-Sept-2021-683x1024.jpg 683w, https:\/\/krestonatcchile.com\/wp-content\/uploads\/2023\/03\/2-women-talking-salmon-portrait-Sept-2021-768x1152.jpg 768w\" sizes=\"(max-width: 800px) 100vw, 800px\" \/>\t\t\t\t\t\t\t\t\t\t\t\t\t\t\t<\/div>\n\t\t\t\t<\/div>\n\t\t\t\t<section class=\"elementor-section elementor-inner-section elementor-element elementor-element-d6632e3 elementor-section-boxed elementor-section-height-default elementor-section-height-default\" data-id=\"d6632e3\" data-element_type=\"section\" data-e-type=\"section\">\n\t\t\t\t\t\t<div class=\"elementor-container elementor-column-gap-default\">\n\t\t\t\t\t<div class=\"elementor-column elementor-col-100 elementor-inner-column elementor-element elementor-element-7a8d311 lakit-col-width-auto-no\" data-id=\"7a8d311\" data-element_type=\"column\" data-e-type=\"column\">\n\t\t\t<div class=\"elementor-widget-wrap elementor-element-populated\">\n\t\t\t\t\t\t<div class=\"elementor-element elementor-element-432f67d elementor-widget elementor-widget-heading\" data-id=\"432f67d\" data-element_type=\"widget\" data-e-type=\"widget\" data-widget_type=\"heading.default\">\n\t\t\t\t<div class=\"elementor-widget-container\">\n\t\t\t\t\t<h6 class=\"elementor-heading-title elementor-size-default\">Sonstige Dienstleistungen<\/h6>\t\t\t\t<\/div>\n\t\t\t\t<\/div>\n\t\t\t\t<div class=\"elementor-element elementor-element-5c88b0c list-link-custom elementor-icon-list--layout-traditional elementor-list-item-link-full_width elementor-widget elementor-widget-icon-list\" data-id=\"5c88b0c\" data-element_type=\"widget\" data-e-type=\"widget\" data-widget_type=\"icon-list.default\">\n\t\t\t\t<div class=\"elementor-widget-container\">\n\t\t\t\t\t\t\t<ul class=\"elementor-icon-list-items\">\n\t\t\t\t\t\t\t<li class=\"elementor-icon-list-item\">\n\t\t\t\t\t\t\t\t\t\t\t<a href=\"\/de\/auditoria-y-aseguramiento\/\">\n\n\t\t\t\t\t\t\t\t\t\t\t<span class=\"elementor-icon-list-text\">Audit-und Assurance<\/span>\n\t\t\t\t\t\t\t\t\t\t\t<\/a>\n\t\t\t\t\t\t\t\t\t<\/li>\n\t\t\t\t\t\t\t\t<li class=\"elementor-icon-list-item\">\n\t\t\t\t\t\t\t\t\t\t\t<a href=\"\/de\/impuestos\/\">\n\n\t\t\t\t\t\t\t\t\t\t\t<span class=\"elementor-icon-list-text\">Steuern<\/span>\n\t\t\t\t\t\t\t\t\t\t\t<\/a>\n\t\t\t\t\t\t\t\t\t<\/li>\n\t\t\t\t\t\t\t\t<li class=\"elementor-icon-list-item\">\n\t\t\t\t\t\t\t\t\t\t\t<a href=\"\/de\/contabilidad\/\">\n\n\t\t\t\t\t\t\t\t\t\t\t<span class=\"elementor-icon-list-text\">Buchhaltung<\/span>\n\t\t\t\t\t\t\t\t\t\t\t<\/a>\n\t\t\t\t\t\t\t\t\t<\/li>\n\t\t\t\t\t\t\t\t<li class=\"elementor-icon-list-item\">\n\t\t\t\t\t\t\t\t\t\t\t<a href=\"\/de\/consultoria\/\">\n\n\t\t\t\t\t\t\t\t\t\t\t<span class=\"elementor-icon-list-text\">Consulting<\/span>\n\t\t\t\t\t\t\t\t\t\t\t<\/a>\n\t\t\t\t\t\t\t\t\t<\/li>\n\t\t\t\t\t\t<\/ul>\n\t\t\t\t\t\t<\/div>\n\t\t\t\t<\/div>\n\t\t\t\t\t<\/div>\n\t\t<\/div>\n\t\t\t\t\t<\/div>\n\t\t<\/section>\n\t\t\t\t\t<\/div>\n\t\t<\/div>\n\t\t\t\t\t<\/div>\n\t\t<\/section>\n\t\t\t\t<\/div>","protected":false},"excerpt":{"rendered":"<p>Nuestros Servicios Outsourcing \u200b Hoy en d\u00eda es cada vez m\u00e1s com\u00fan proporcionar servicios de negocios subcontratados a las organizaciones para minimizar los costos operativos y maximizar la eficiencia de la actividad organizacional. La tecnolog\u00eda se ha acelerado en esta \u00e1rea y Kreston ATC Chile tiene experiencia en el uso de la innovaci\u00f3n tecnol\u00f3gica para [&hellip;]<\/p>\n","protected":false},"author":1,"featured_media":0,"parent":0,"menu_order":0,"comment_status":"closed","ping_status":"closed","template":"elementor_header_footer","meta":{"om_disable_all_campaigns":false,"_monsterinsights_skip_tracking":false,"_monsterinsights_sitenote_active":false,"_monsterinsights_sitenote_note":"","_monsterinsights_sitenote_category":0,"_uf_show_specific_survey":0,"_uf_disable_surveys":false,"footnotes":""},"class_list":["post-486","page","type-page","status-publish","hentry"],"aioseo_notices":[],"_links":{"self":[{"href":"https:\/\/krestonatcchile.com\/de\/wp-json\/wp\/v2\/pages\/486","targetHints":{"allow":["GET"]}}],"collection":[{"href":"https:\/\/krestonatcchile.com\/de\/wp-json\/wp\/v2\/pages"}],"about":[{"href":"https:\/\/krestonatcchile.com\/de\/wp-json\/wp\/v2\/types\/page"}],"author":[{"embeddable":true,"href":"https:\/\/krestonatcchile.com\/de\/wp-json\/wp\/v2\/users\/1"}],"replies":[{"embeddable":true,"href":"https:\/\/krestonatcchile.com\/de\/wp-json\/wp\/v2\/comments?post=486"}],"version-history":[{"count":50,"href":"https:\/\/krestonatcchile.com\/de\/wp-json\/wp\/v2\/pages\/486\/revisions"}],"predecessor-version":[{"id":3244,"href":"https:\/\/krestonatcchile.com\/de\/wp-json\/wp\/v2\/pages\/486\/revisions\/3244"}],"wp:attachment":[{"href":"https:\/\/krestonatcchile.com\/de\/wp-json\/wp\/v2\/media?parent=486"}],"curies":[{"name":"wp","href":"https:\/\/api.w.org\/{rel}","templated":true}]}}